{"id":130,"date":"2020-03-15T00:49:34","date_gmt":"2020-03-14T23:49:34","guid":{"rendered":"http:\/\/hulwat.ibg-net.cz\/~vigo\/ibgnet\/?page_id=130"},"modified":"2020-03-25T02:57:34","modified_gmt":"2020-03-25T01:57:34","slug":"volani","status":"publish","type":"page","link":"https:\/\/www.ibg-net.cz\/?page_id=130","title":{"rendered":"Vol\u00e1n\u00ed"},"content":{"rendered":"\n<figure class=\"wp-block-image size-large\"><a href=\"www.callpro.cz\"><img loading=\"lazy\" decoding=\"async\" width=\"1024\" height=\"514\" src=\"http:\/\/hulwat.ibg-net.cz\/~vigo\/ibgnet\/wp-content\/uploads\/2020\/03\/callpro-fb.jpg\" alt=\"\" class=\"wp-image-131\" srcset=\"https:\/\/www.ibg-net.cz\/wp-content\/uploads\/2020\/03\/callpro-fb.jpg 1024w, https:\/\/www.ibg-net.cz\/wp-content\/uploads\/2020\/03\/callpro-fb-300x151.jpg 300w, https:\/\/www.ibg-net.cz\/wp-content\/uploads\/2020\/03\/callpro-fb-768x386.jpg 768w\" sizes=\"auto, (max-width: 1024px) 100vw, 1024px\" \/><\/a><\/figure>\n\n\n\n<h2 class=\"wp-block-heading\">IBG-NET s.r.o. jako GSM oper\u00e1tor.<\/h2>\n\n\n\n<p>Od 9.9.2013 jsme zah\u00e1jili komer\u010dn\u00ed provoz slu\u017eby mobiln\u00edho virtu\u00e1ln\u00edho oper\u00e1tora. Jako virtu\u00e1ln\u00ed oper\u00e1tor spravujeme vlastn\u00ed rozsah \u010d\u00edsel, zaji\u0161tujeme management SIM karet, p\u0159evody telefonn\u00edch \u010d\u00edsel atd. Poda\u0159ilo se n\u00e1m ve spolupr\u00e1ci s partnery nab\u00eddnout opravdu zaj\u00edmav\u00e9 ceny p\u0159i zachov\u00e1n\u00ed v\u0161ech v\u00fdhod, kter\u00e9 p\u0159in\u00e1\u0161\u00ed s\u00ed\u0165 T-Mobile (<strong>naprostou spolehlivost a vynikaj\u00edc\u00ed pokryt\u00ed<\/strong>).<\/p>\n\n\n\n<h4 class=\"wp-block-heading\">GSM slu\u017eby stejn\u011b jako ostatn\u00ed hlasov\u00e9 slu\u017eby provozujeme a nab\u00edz\u00edme pod obchodn\u00ed zna\u010dkou&nbsp;<a href=\"http:\/\/www.callpro.cz\/\" target=\"_blank\" rel=\"noreferrer noopener\"><strong>CALLPRO<\/strong><\/a>.<\/h4>\n\n\n\n<h2 class=\"wp-block-heading\">Pevn\u00e9 linky&nbsp;CALLPRO VoIP<\/h2>\n\n\n\n<p>Pevn\u00e9 linky CALLPRO VoIP p\u0159edstavuj\u00ed v\u00fdhodn\u00e9 a modern\u00ed \u0159e\u0161en\u00ed pro Va\u0161i firmu, kancel\u00e1\u0159 nebo dom\u00e1cnost. Narozd\u00edl od be\u017en\u00fdch analogov\u00fdch nebo ISDN linek vyu\u017e\u00edv\u00e1 technologie VoIP p\u0159ipojen\u00ed k internetu. Odpadaj\u00ed tak ve\u0161ker\u00e9 pau\u0161\u00e1ln\u00ed poplatky za provoz telefonn\u00ed linky a z\u00e1kazn\u00edk hrad\u00ed jen provolan\u00e9 minuty. Ceny hovor\u016f jsou nav\u00edc v\u00fdrazn\u011b ni\u017e\u0161\u00ed ne\u017e u b\u011b\u017en\u00fdch mobiln\u00edch nebo pevn\u00fdch hlasov\u00fdch slu\u017eeb. Kvalita hovoru je naopak u VoIP linek vy\u0161\u0161\u00ed.<\/p>\n\n\n\n<p>V p\u0159\u00edpad\u011b va\u0161eho z\u00e1jmu, nebo jak\u00fdchkoli dotaz\u016f n\u00e1s kontaktujte na telefon\u00edm \u010d\u00edsle:&nbsp;<strong>474 770 600<\/strong>,&nbsp; p\u0159\u00edpadn\u011b e-mailem:&nbsp;<strong><a href=\"mailto:info@ibg-net.cz\">info@ibg-net.cz<\/a>&nbsp;<\/strong>nebo<strong>&nbsp;<a href=\"mailto:info@callpro.cz\">info@callpro.cz<\/a>.<\/strong><\/p>\n","protected":false},"excerpt":{"rendered":"<p>IBG-NET s.r.o. jako GSM oper\u00e1tor. Od 9.9.2013 jsme zah\u00e1jili komer\u010dn\u00ed provoz slu\u017eby mobiln\u00edho virtu\u00e1ln\u00edho oper\u00e1tora. Jako virtu\u00e1ln\u00ed oper\u00e1tor spravujeme vlastn\u00ed rozsah \u010d\u00edsel, zaji\u0161tujeme management SIM karet, p\u0159evody telefonn\u00edch \u010d\u00edsel atd. Poda\u0159ilo se n\u00e1m ve spolupr\u00e1ci s partnery nab\u00eddnout opravdu zaj\u00edmav\u00e9 ceny p\u0159i zachov\u00e1n\u00ed v\u0161ech v\u00fdhod, kter\u00e9 p\u0159in\u00e1\u0161\u00ed s\u00ed\u0165 T-Mobile (naprostou spolehlivost a vynikaj\u00edc\u00ed pokryt\u00ed). GSM &#8230; <a title=\"Vol\u00e1n\u00ed\" class=\"read-more\" href=\"https:\/\/www.ibg-net.cz\/?page_id=130\">Read more<\/a><\/p>\n","protected":false},"author":1,"featured_media":0,"parent":0,"menu_order":0,"comment_status":"closed","ping_status":"closed","template":"","meta":{"footnotes":""},"class_list":["post-130","page","type-page","status-publish"],"yoast_head":"<!-- This site is optimized with the Yoast SEO plugin v21.5 - https:\/\/yoast.com\/wordpress\/plugins\/seo\/ -->\n<title>Vol\u00e1n\u00ed - IBG-NET<\/title>\n<meta name=\"description\" content=\"Internet Podbo\u0159any, P\u0159ipojen\u00ed k internetu, ISP, Internet Provider, Televize, Webdesign, Vol\u00e1n\u00ed\" \/>\n<meta name=\"robots\" content=\"index, follow, max-snippet:-1, max-image-preview:large, max-video-preview:-1\" \/>\n<link rel=\"canonical\" href=\"https:\/\/www.ibg-net.cz\/?page_id=130\" \/>\n<meta property=\"og:locale\" content=\"cs_CZ\" \/>\n<meta property=\"og:type\" content=\"article\" \/>\n<meta property=\"og:title\" content=\"Vol\u00e1n\u00ed - IBG-NET\" \/>\n<meta property=\"og:description\" content=\"Internet Podbo\u0159any, P\u0159ipojen\u00ed k internetu, ISP, Internet Provider, Televize, Webdesign, Vol\u00e1n\u00ed\" \/>\n<meta property=\"og:url\" content=\"https:\/\/www.ibg-net.cz\/?page_id=130\" \/>\n<meta property=\"og:site_name\" content=\"IBG-NET\" \/>\n<meta property=\"article:publisher\" content=\"https:\/\/www.facebook.com\/IBGNET.cz\/\" \/>\n<meta property=\"article:modified_time\" content=\"2020-03-25T01:57:34+00:00\" \/>\n<meta property=\"og:image\" content=\"http:\/\/hulwat.ibg-net.cz\/~vigo\/ibgnet\/wp-content\/uploads\/2020\/03\/callpro-fb.jpg\" \/>\n<meta name=\"twitter:card\" content=\"summary_large_image\" \/>\n<meta name=\"twitter:label1\" content=\"Odhadovan\u00e1 doba \u010dten\u00ed\" \/>\n\t<meta name=\"twitter:data1\" content=\"1 minuta\" \/>\n<script type=\"application\/ld+json\" class=\"yoast-schema-graph\">{\"@context\":\"https:\/\/schema.org\",\"@graph\":[{\"@type\":\"WebPage\",\"@id\":\"https:\/\/www.ibg-net.cz\/?page_id=130\",\"url\":\"https:\/\/www.ibg-net.cz\/?page_id=130\",\"name\":\"Vol\u00e1n\u00ed - IBG-NET\",\"isPartOf\":{\"@id\":\"https:\/\/www.ibg-net.cz\/#website\"},\"datePublished\":\"2020-03-14T23:49:34+00:00\",\"dateModified\":\"2020-03-25T01:57:34+00:00\",\"description\":\"Internet Podbo\u0159any, P\u0159ipojen\u00ed k internetu, ISP, Internet Provider, Televize, Webdesign, Vol\u00e1n\u00ed\",\"breadcrumb\":{\"@id\":\"https:\/\/www.ibg-net.cz\/?page_id=130#breadcrumb\"},\"inLanguage\":\"cs\",\"potentialAction\":[{\"@type\":\"ReadAction\",\"target\":[\"https:\/\/www.ibg-net.cz\/?page_id=130\"]}]},{\"@type\":\"BreadcrumbList\",\"@id\":\"https:\/\/www.ibg-net.cz\/?page_id=130#breadcrumb\",\"itemListElement\":[{\"@type\":\"ListItem\",\"position\":1,\"name\":\"Dom\u016f\",\"item\":\"https:\/\/www.ibg-net.cz\/\"},{\"@type\":\"ListItem\",\"position\":2,\"name\":\"Vol\u00e1n\u00ed\"}]},{\"@type\":\"WebSite\",\"@id\":\"https:\/\/www.ibg-net.cz\/#website\",\"url\":\"https:\/\/www.ibg-net.cz\/\",\"name\":\"IBG-NET\",\"description\":\"INTERNET ~ TELEVIZE ~ VOL\u00c1N\u00cd\",\"publisher\":{\"@id\":\"https:\/\/www.ibg-net.cz\/#organization\"},\"potentialAction\":[{\"@type\":\"SearchAction\",\"target\":{\"@type\":\"EntryPoint\",\"urlTemplate\":\"https:\/\/www.ibg-net.cz\/?s={search_term_string}\"},\"query-input\":\"required name=search_term_string\"}],\"inLanguage\":\"cs\"},{\"@type\":\"Organization\",\"@id\":\"https:\/\/www.ibg-net.cz\/#organization\",\"name\":\"IBG-NET s.r.o.\",\"url\":\"https:\/\/www.ibg-net.cz\/\",\"logo\":{\"@type\":\"ImageObject\",\"inLanguage\":\"cs\",\"@id\":\"https:\/\/www.ibg-net.cz\/#\/schema\/logo\/image\/\",\"url\":\"https:\/\/www.ibg-net.cz\/wp-content\/uploads\/2020\/05\/LogoP_POUZITE.png\",\"contentUrl\":\"https:\/\/www.ibg-net.cz\/wp-content\/uploads\/2020\/05\/LogoP_POUZITE.png\",\"width\":2000,\"height\":332,\"caption\":\"IBG-NET s.r.o.\"},\"image\":{\"@id\":\"https:\/\/www.ibg-net.cz\/#\/schema\/logo\/image\/\"},\"sameAs\":[\"https:\/\/www.facebook.com\/IBGNET.cz\/\"]}]}<\/script>\n<!-- \/ Yoast SEO plugin. -->","yoast_head_json":{"title":"Vol\u00e1n\u00ed - IBG-NET","description":"Internet Podbo\u0159any, P\u0159ipojen\u00ed k internetu, ISP, Internet Provider, Televize, Webdesign, Vol\u00e1n\u00ed","robots":{"index":"index","follow":"follow","max-snippet":"max-snippet:-1","max-image-preview":"max-image-preview:large","max-video-preview":"max-video-preview:-1"},"canonical":"https:\/\/www.ibg-net.cz\/?page_id=130","og_locale":"cs_CZ","og_type":"article","og_title":"Vol\u00e1n\u00ed - IBG-NET","og_description":"Internet Podbo\u0159any, P\u0159ipojen\u00ed k internetu, ISP, Internet Provider, Televize, Webdesign, Vol\u00e1n\u00ed","og_url":"https:\/\/www.ibg-net.cz\/?page_id=130","og_site_name":"IBG-NET","article_publisher":"https:\/\/www.facebook.com\/IBGNET.cz\/","article_modified_time":"2020-03-25T01:57:34+00:00","og_image":[{"url":"http:\/\/hulwat.ibg-net.cz\/~vigo\/ibgnet\/wp-content\/uploads\/2020\/03\/callpro-fb.jpg"}],"twitter_card":"summary_large_image","twitter_misc":{"Odhadovan\u00e1 doba \u010dten\u00ed":"1 minuta"},"schema":{"@context":"https:\/\/schema.org","@graph":[{"@type":"WebPage","@id":"https:\/\/www.ibg-net.cz\/?page_id=130","url":"https:\/\/www.ibg-net.cz\/?page_id=130","name":"Vol\u00e1n\u00ed - IBG-NET","isPartOf":{"@id":"https:\/\/www.ibg-net.cz\/#website"},"datePublished":"2020-03-14T23:49:34+00:00","dateModified":"2020-03-25T01:57:34+00:00","description":"Internet Podbo\u0159any, P\u0159ipojen\u00ed k internetu, ISP, Internet Provider, Televize, Webdesign, Vol\u00e1n\u00ed","breadcrumb":{"@id":"https:\/\/www.ibg-net.cz\/?page_id=130#breadcrumb"},"inLanguage":"cs","potentialAction":[{"@type":"ReadAction","target":["https:\/\/www.ibg-net.cz\/?page_id=130"]}]},{"@type":"BreadcrumbList","@id":"https:\/\/www.ibg-net.cz\/?page_id=130#breadcrumb","itemListElement":[{"@type":"ListItem","position":1,"name":"Dom\u016f","item":"https:\/\/www.ibg-net.cz\/"},{"@type":"ListItem","position":2,"name":"Vol\u00e1n\u00ed"}]},{"@type":"WebSite","@id":"https:\/\/www.ibg-net.cz\/#website","url":"https:\/\/www.ibg-net.cz\/","name":"IBG-NET","description":"INTERNET ~ TELEVIZE ~ VOL\u00c1N\u00cd","publisher":{"@id":"https:\/\/www.ibg-net.cz\/#organization"},"potentialAction":[{"@type":"SearchAction","target":{"@type":"EntryPoint","urlTemplate":"https:\/\/www.ibg-net.cz\/?s={search_term_string}"},"query-input":"required name=search_term_string"}],"inLanguage":"cs"},{"@type":"Organization","@id":"https:\/\/www.ibg-net.cz\/#organization","name":"IBG-NET s.r.o.","url":"https:\/\/www.ibg-net.cz\/","logo":{"@type":"ImageObject","inLanguage":"cs","@id":"https:\/\/www.ibg-net.cz\/#\/schema\/logo\/image\/","url":"https:\/\/www.ibg-net.cz\/wp-content\/uploads\/2020\/05\/LogoP_POUZITE.png","contentUrl":"https:\/\/www.ibg-net.cz\/wp-content\/uploads\/2020\/05\/LogoP_POUZITE.png","width":2000,"height":332,"caption":"IBG-NET s.r.o."},"image":{"@id":"https:\/\/www.ibg-net.cz\/#\/schema\/logo\/image\/"},"sameAs":["https:\/\/www.facebook.com\/IBGNET.cz\/"]}]}},"_links":{"self":[{"href":"https:\/\/www.ibg-net.cz\/index.php?rest_route=\/wp\/v2\/pages\/130","targetHints":{"allow":["GET"]}}],"collection":[{"href":"https:\/\/www.ibg-net.cz\/index.php?rest_route=\/wp\/v2\/pages"}],"about":[{"href":"https:\/\/www.ibg-net.cz\/index.php?rest_route=\/wp\/v2\/types\/page"}],"author":[{"embeddable":true,"href":"https:\/\/www.ibg-net.cz\/index.php?rest_route=\/wp\/v2\/users\/1"}],"replies":[{"embeddable":true,"href":"https:\/\/www.ibg-net.cz\/index.php?rest_route=%2Fwp%2Fv2%2Fcomments&post=130"}],"version-history":[{"count":3,"href":"https:\/\/www.ibg-net.cz\/index.php?rest_route=\/wp\/v2\/pages\/130\/revisions"}],"predecessor-version":[{"id":406,"href":"https:\/\/www.ibg-net.cz\/index.php?rest_route=\/wp\/v2\/pages\/130\/revisions\/406"}],"wp:attachment":[{"href":"https:\/\/www.ibg-net.cz\/index.php?rest_route=%2Fwp%2Fv2%2Fmedia&parent=130"}],"curies":[{"name":"wp","href":"https:\/\/api.w.org\/{rel}","templated":true}]}}