{"id":134,"date":"2020-03-15T01:16:27","date_gmt":"2020-03-15T00:16:27","guid":{"rendered":"http:\/\/hulwat.ibg-net.cz\/~vigo\/ibgnet\/?page_id=134"},"modified":"2024-09-27T11:56:33","modified_gmt":"2024-09-27T09:56:33","slug":"podpora","status":"publish","type":"page","link":"https:\/\/www.ibg-net.cz\/?page_id=134","title":{"rendered":"Podpora"},"content":{"rendered":"\n<h4 class=\"wp-block-heading\"><strong>Jak prob\u00edh\u00e1 platba za Va\u0161e slu\u017eby?<\/strong><\/h4>\n\n\n\n<p>Platby za na\u0161e slu\u017eby prob\u00edhaj\u00ed m\u011bs\u00ed\u010dn\u011b p\u0159edem. Je mo\u017en\u00e9 zaplatit tak\u00e9 s ro\u010dn\u00edm p\u0159edstihem, v tomto p\u0159\u00edpad\u011b je sleva z celkov\u00e9 \u010d\u00e1stky dv\u011b m\u011bs\u00ed\u010dn\u00ed platy. Platit m\u016f\u017eete na n\u00e1\u0161 bankovn\u00ed \u00fa\u010det \u010d\u00edslo 198831810\/0600.<\/p>\n\n\n\n<h4 class=\"wp-block-heading\"><strong>Jak\u00fd m\u00e1m pou\u017e\u00edt Variabiln\u00ed symbol pro zas\u00edl\u00e1n\u00ed plateb?<\/strong><\/h4>\n\n\n\n<p>Variabiln\u00ed symbol je \u010d\u00edslo Va\u0161\u00ed AKTU\u00c1LN\u00cd faktury a to i v p\u0159\u00edpad\u011b zakl\u00e1d\u00e1n\u00ed trval\u00e9ho p\u0159\u00edkazu.<\/p>\n\n\n\n<h4 class=\"wp-block-heading\"><strong>V p\u0159\u00edpad\u011b, \u017ee nastala porucha slu\u017eby, kam takovou poruchu mohu nahl\u00e1sit?<\/strong><\/h4>\n\n\n\n<p>Obra\u0165te se pros\u00edm na na\u0161\u00ed Technickou podporu na \u010d\u00edsle 474 770 600<\/p>\n\n\n\n<h4 class=\"wp-block-heading\"><strong>Za jakou dobu jste schopni m\u011b p\u0159ipojit k internetu?<\/strong><\/h4>\n\n\n\n<p>Instalace prob\u00edhaj\u00ed zpravidla do jednoho t\u00fddne, maxim\u00e1ln\u011b do 14 dn\u016f. Z\u00e1le\u017e\u00ed na po\u010dtu z\u00e1kazn\u00edk\u016f p\u0159ed V\u00e1mi, ale samoz\u0159ejm\u011b se sna\u017e\u00edme V\u00e1s p\u0159ipojit co nejd\u0159\u00edve. V p\u0159\u00edpad\u011b z\u00e1jmu o rychl\u00e9 p\u0159ipojen\u00ed V\u00e1m m\u016f\u017eeme nab\u00eddnout express instalaci do 48 hod. ve v\u0161edn\u00ed dny, kter\u00e1 je zpoplatn\u011bn\u00e1 \u010dastkou 480,- K\u010d v\u010detn\u011b DPH.<\/p>\n\n\n\n<h4 class=\"wp-block-heading\"><strong>Jak\u00fd je server p\u0159\u00edchoz\u00ed a odchoz\u00ed po\u0161ty a DNS servery?<\/strong><\/h4>\n\n\n\n<p>P\u0159\u00edchoz\u00ed po\u0161ta:&nbsp;mail.ibg-net.cz<br>Odchoz\u00ed po\u0161ta:&nbsp;mail.ibg-net.cz<\/p>\n\n\n\n<p>DNS servery:&nbsp;10.10.0.2, 217.75.222.1, 217.117.216.7<\/p>\n\n\n\n<h4 class=\"wp-block-heading\"><strong>Kde v\u0161ude m\u00e1te pokryt\u00ed?<\/strong><\/h4>\n\n\n\n<p>Pokryt\u00ed je vyzna\u010deno v&nbsp;<a href=\"http:\/\/www.ibg-net.cz\/?page_id=246\">map\u011b pokryt\u00ed<\/a>.<\/p>\n\n\n\n<h4 class=\"wp-block-heading\"><strong>S kolika u\u017eivateli sd\u00edl\u00edm \u0161\u00ed\u0159ku p\u00e1sma pro p\u0159\u00edstup na internet a jak\u00e1 je pr\u016fm\u011brn\u00e1 p\u0159enosov\u00e1 rychlost?<\/strong><\/h4>\n\n\n\n<p>Sd\u00edlen\u00ed \u0161\u00edrky p\u00e1sma mezi z\u00e1kazn\u00edky tzv. agregaci nepou\u017e\u00edv\u00e1me. Rychlosti se pohybuj\u00ed mezi 5 a 40 Mbps.<\/p>\n\n\n\n<h4 class=\"wp-block-heading\"><strong>Existuje limit na p\u0159enos dat sm\u011brem od klienta\/ke klientovi?<\/strong><\/h4>\n\n\n\n<p>Limit neexistuje.<\/p>\n\n\n\n<h4 class=\"wp-block-heading\"><strong>Jak zm\u011b\u0159\u00edm rychlost sv\u00e9ho internetov\u00e9ho p\u0159ipojen\u00ed?<\/strong><\/h4>\n\n\n\n<p>Svoj\u00ed aktu\u00e1ln\u00ed rychlost si m\u016f\u017eete zm\u011b\u0159it na <a href=\"http:\/\/speedtest.cesnet.cz\">speedtest<\/a>.<\/p>\n\n\n\n<h4 class=\"wp-block-heading\"><strong>Je mo\u017en\u00e9 od V\u00e1s z\u00edskat ve\u0159ejnou IP adresu?<\/strong><\/h4>\n\n\n\n<p>Ano, ve\u0159ejn\u00e9 IP adresy na\u0161im z\u00e1kazn\u00edk\u016fm poskytujeme. Pro v\u00edce informac\u00ed n\u00e1s kontaktujte.<\/p>\n\n\n\n<h2 class=\"wp-block-heading\">N\u00e1vody<\/h2>\n\n\n\n<figure class=\"wp-block-embed is-type-wp-embed is-provider-ibg-net wp-block-embed-ibg-net\"><div class=\"wp-block-embed__wrapper\">\n<blockquote class=\"wp-embedded-content\" data-secret=\"oB17TBx59S\"><a href=\"https:\/\/www.ibg-net.cz\/?p=771\">IBG-NET Webmail<\/a><\/blockquote><iframe loading=\"lazy\" class=\"wp-embedded-content\" sandbox=\"allow-scripts\" security=\"restricted\" style=\"position: absolute; clip: rect(1px, 1px, 1px, 1px);\" title=\"&#8222;IBG-NET Webmail&#8220; &#8212; IBG-NET\" src=\"https:\/\/www.ibg-net.cz\/?p=771&#038;embed=true#?secret=38A8cOanXB#?secret=oB17TBx59S\" data-secret=\"oB17TBx59S\" width=\"600\" height=\"338\" frameborder=\"0\" marginwidth=\"0\" marginheight=\"0\" scrolling=\"no\"><\/iframe>\n<\/div><\/figure>\n\n\n\n<figure class=\"wp-block-embed is-type-wp-embed is-provider-ibg-net wp-block-embed-ibg-net\"><div class=\"wp-block-embed__wrapper\">\n<blockquote class=\"wp-embedded-content\" data-secret=\"C5WFB3X0PW\"><a href=\"https:\/\/www.ibg-net.cz\/?p=753\">Filtry pro e-mail<\/a><\/blockquote><iframe loading=\"lazy\" class=\"wp-embedded-content\" sandbox=\"allow-scripts\" security=\"restricted\" style=\"position: absolute; clip: rect(1px, 1px, 1px, 1px);\" title=\"&#8222;Filtry pro e-mail&#8220; &#8212; IBG-NET\" src=\"https:\/\/www.ibg-net.cz\/?p=753&#038;embed=true#?secret=1olfEOF6Fb#?secret=C5WFB3X0PW\" data-secret=\"C5WFB3X0PW\" width=\"600\" height=\"338\" frameborder=\"0\" marginwidth=\"0\" marginheight=\"0\" scrolling=\"no\"><\/iframe>\n<\/div><\/figure>\n\n\n\n<h2 class=\"wp-block-heading\">Dokumenty<\/h2>\n\n\n\n<p><a href=\"https:\/\/www.ibg-net.cz\/?attachment_id=838\">V\u0161eobecn\u00e9 obchodn\u00ed podm\u00ednky spole\u010dnosti IBG-NET s.r.o.<\/a><\/p>\n\n\n\n<p><a href=\"https:\/\/www.ibg-net.cz\/?attachment_id=139\">Typy rozhran\u00ed s\u00edt\u011b IBG-NET.<\/a><\/p>\n\n\n\n<p><a href=\"https:\/\/www.ibg-net.cz\/?attachment_id=725\">Vzor smlouvy &#8211; p\u0159ipojen\u00ed k internetu.<\/a><\/p>\n\n\n\n<p><a href=\"https:\/\/www.ibg-net.cz\/?attachment_id=782\">Podm\u00ednky slu\u017eby p\u0159enositelnost telefonn\u00edch \u010d\u00edsel.<\/a><\/p>\n","protected":false},"excerpt":{"rendered":"<p>Jak prob\u00edh\u00e1 platba za Va\u0161e slu\u017eby? Platby za na\u0161e slu\u017eby prob\u00edhaj\u00ed m\u011bs\u00ed\u010dn\u011b p\u0159edem. Je mo\u017en\u00e9 zaplatit tak\u00e9 s ro\u010dn\u00edm p\u0159edstihem, v tomto p\u0159\u00edpad\u011b je sleva z celkov\u00e9 \u010d\u00e1stky dv\u011b m\u011bs\u00ed\u010dn\u00ed platy. Platit m\u016f\u017eete na n\u00e1\u0161 bankovn\u00ed \u00fa\u010det \u010d\u00edslo 198831810\/0600. Jak\u00fd m\u00e1m pou\u017e\u00edt Variabiln\u00ed symbol pro zas\u00edl\u00e1n\u00ed plateb? Variabiln\u00ed symbol je \u010d\u00edslo Va\u0161\u00ed AKTU\u00c1LN\u00cd faktury a &#8230; <a title=\"Podpora\" class=\"read-more\" href=\"https:\/\/www.ibg-net.cz\/?page_id=134\">Read more<\/a><\/p>\n","protected":false},"author":1,"featured_media":0,"parent":0,"menu_order":0,"comment_status":"closed","ping_status":"closed","template":"","meta":{"footnotes":""},"class_list":["post-134","page","type-page","status-publish"],"yoast_head":"<!-- This site is optimized with the Yoast SEO plugin v21.5 - https:\/\/yoast.com\/wordpress\/plugins\/seo\/ -->\n<title>Podpora - IBG-NET<\/title>\n<meta name=\"description\" content=\"Internet Podbo\u0159any, P\u0159ipojen\u00ed k internetu, ISP, Internet Provider, Televize, Webdesign, Vol\u00e1n\u00ed\" \/>\n<meta name=\"robots\" content=\"index, follow, max-snippet:-1, max-image-preview:large, max-video-preview:-1\" \/>\n<link rel=\"canonical\" href=\"https:\/\/www.ibg-net.cz\/?page_id=134\" \/>\n<meta property=\"og:locale\" content=\"cs_CZ\" \/>\n<meta property=\"og:type\" content=\"article\" \/>\n<meta property=\"og:title\" content=\"Podpora - IBG-NET\" \/>\n<meta property=\"og:description\" content=\"Internet Podbo\u0159any, P\u0159ipojen\u00ed k internetu, ISP, Internet Provider, Televize, Webdesign, Vol\u00e1n\u00ed\" \/>\n<meta property=\"og:url\" content=\"https:\/\/www.ibg-net.cz\/?page_id=134\" \/>\n<meta property=\"og:site_name\" content=\"IBG-NET\" \/>\n<meta property=\"article:publisher\" content=\"https:\/\/www.facebook.com\/IBGNET.cz\/\" \/>\n<meta property=\"article:modified_time\" content=\"2024-09-27T09:56:33+00:00\" \/>\n<meta name=\"twitter:card\" content=\"summary_large_image\" \/>\n<meta name=\"twitter:label1\" content=\"Odhadovan\u00e1 doba \u010dten\u00ed\" \/>\n\t<meta name=\"twitter:data1\" content=\"2 minuty\" \/>\n<script type=\"application\/ld+json\" class=\"yoast-schema-graph\">{\"@context\":\"https:\/\/schema.org\",\"@graph\":[{\"@type\":\"WebPage\",\"@id\":\"https:\/\/www.ibg-net.cz\/?page_id=134\",\"url\":\"https:\/\/www.ibg-net.cz\/?page_id=134\",\"name\":\"Podpora - IBG-NET\",\"isPartOf\":{\"@id\":\"https:\/\/www.ibg-net.cz\/#website\"},\"datePublished\":\"2020-03-15T00:16:27+00:00\",\"dateModified\":\"2024-09-27T09:56:33+00:00\",\"description\":\"Internet Podbo\u0159any, P\u0159ipojen\u00ed k internetu, ISP, Internet Provider, Televize, Webdesign, Vol\u00e1n\u00ed\",\"breadcrumb\":{\"@id\":\"https:\/\/www.ibg-net.cz\/?page_id=134#breadcrumb\"},\"inLanguage\":\"cs\",\"potentialAction\":[{\"@type\":\"ReadAction\",\"target\":[\"https:\/\/www.ibg-net.cz\/?page_id=134\"]}]},{\"@type\":\"BreadcrumbList\",\"@id\":\"https:\/\/www.ibg-net.cz\/?page_id=134#breadcrumb\",\"itemListElement\":[{\"@type\":\"ListItem\",\"position\":1,\"name\":\"Dom\u016f\",\"item\":\"https:\/\/www.ibg-net.cz\/\"},{\"@type\":\"ListItem\",\"position\":2,\"name\":\"Podpora\"}]},{\"@type\":\"WebSite\",\"@id\":\"https:\/\/www.ibg-net.cz\/#website\",\"url\":\"https:\/\/www.ibg-net.cz\/\",\"name\":\"IBG-NET\",\"description\":\"INTERNET ~ TELEVIZE ~ VOL\u00c1N\u00cd\",\"publisher\":{\"@id\":\"https:\/\/www.ibg-net.cz\/#organization\"},\"potentialAction\":[{\"@type\":\"SearchAction\",\"target\":{\"@type\":\"EntryPoint\",\"urlTemplate\":\"https:\/\/www.ibg-net.cz\/?s={search_term_string}\"},\"query-input\":\"required name=search_term_string\"}],\"inLanguage\":\"cs\"},{\"@type\":\"Organization\",\"@id\":\"https:\/\/www.ibg-net.cz\/#organization\",\"name\":\"IBG-NET s.r.o.\",\"url\":\"https:\/\/www.ibg-net.cz\/\",\"logo\":{\"@type\":\"ImageObject\",\"inLanguage\":\"cs\",\"@id\":\"https:\/\/www.ibg-net.cz\/#\/schema\/logo\/image\/\",\"url\":\"https:\/\/www.ibg-net.cz\/wp-content\/uploads\/2020\/05\/LogoP_POUZITE.png\",\"contentUrl\":\"https:\/\/www.ibg-net.cz\/wp-content\/uploads\/2020\/05\/LogoP_POUZITE.png\",\"width\":2000,\"height\":332,\"caption\":\"IBG-NET s.r.o.\"},\"image\":{\"@id\":\"https:\/\/www.ibg-net.cz\/#\/schema\/logo\/image\/\"},\"sameAs\":[\"https:\/\/www.facebook.com\/IBGNET.cz\/\"]}]}<\/script>\n<!-- \/ Yoast SEO plugin. -->","yoast_head_json":{"title":"Podpora - IBG-NET","description":"Internet Podbo\u0159any, P\u0159ipojen\u00ed k internetu, ISP, Internet Provider, Televize, Webdesign, Vol\u00e1n\u00ed","robots":{"index":"index","follow":"follow","max-snippet":"max-snippet:-1","max-image-preview":"max-image-preview:large","max-video-preview":"max-video-preview:-1"},"canonical":"https:\/\/www.ibg-net.cz\/?page_id=134","og_locale":"cs_CZ","og_type":"article","og_title":"Podpora - IBG-NET","og_description":"Internet Podbo\u0159any, P\u0159ipojen\u00ed k internetu, ISP, Internet Provider, Televize, Webdesign, Vol\u00e1n\u00ed","og_url":"https:\/\/www.ibg-net.cz\/?page_id=134","og_site_name":"IBG-NET","article_publisher":"https:\/\/www.facebook.com\/IBGNET.cz\/","article_modified_time":"2024-09-27T09:56:33+00:00","twitter_card":"summary_large_image","twitter_misc":{"Odhadovan\u00e1 doba \u010dten\u00ed":"2 minuty"},"schema":{"@context":"https:\/\/schema.org","@graph":[{"@type":"WebPage","@id":"https:\/\/www.ibg-net.cz\/?page_id=134","url":"https:\/\/www.ibg-net.cz\/?page_id=134","name":"Podpora - IBG-NET","isPartOf":{"@id":"https:\/\/www.ibg-net.cz\/#website"},"datePublished":"2020-03-15T00:16:27+00:00","dateModified":"2024-09-27T09:56:33+00:00","description":"Internet Podbo\u0159any, P\u0159ipojen\u00ed k internetu, ISP, Internet Provider, Televize, Webdesign, Vol\u00e1n\u00ed","breadcrumb":{"@id":"https:\/\/www.ibg-net.cz\/?page_id=134#breadcrumb"},"inLanguage":"cs","potentialAction":[{"@type":"ReadAction","target":["https:\/\/www.ibg-net.cz\/?page_id=134"]}]},{"@type":"BreadcrumbList","@id":"https:\/\/www.ibg-net.cz\/?page_id=134#breadcrumb","itemListElement":[{"@type":"ListItem","position":1,"name":"Dom\u016f","item":"https:\/\/www.ibg-net.cz\/"},{"@type":"ListItem","position":2,"name":"Podpora"}]},{"@type":"WebSite","@id":"https:\/\/www.ibg-net.cz\/#website","url":"https:\/\/www.ibg-net.cz\/","name":"IBG-NET","description":"INTERNET ~ TELEVIZE ~ VOL\u00c1N\u00cd","publisher":{"@id":"https:\/\/www.ibg-net.cz\/#organization"},"potentialAction":[{"@type":"SearchAction","target":{"@type":"EntryPoint","urlTemplate":"https:\/\/www.ibg-net.cz\/?s={search_term_string}"},"query-input":"required name=search_term_string"}],"inLanguage":"cs"},{"@type":"Organization","@id":"https:\/\/www.ibg-net.cz\/#organization","name":"IBG-NET s.r.o.","url":"https:\/\/www.ibg-net.cz\/","logo":{"@type":"ImageObject","inLanguage":"cs","@id":"https:\/\/www.ibg-net.cz\/#\/schema\/logo\/image\/","url":"https:\/\/www.ibg-net.cz\/wp-content\/uploads\/2020\/05\/LogoP_POUZITE.png","contentUrl":"https:\/\/www.ibg-net.cz\/wp-content\/uploads\/2020\/05\/LogoP_POUZITE.png","width":2000,"height":332,"caption":"IBG-NET s.r.o."},"image":{"@id":"https:\/\/www.ibg-net.cz\/#\/schema\/logo\/image\/"},"sameAs":["https:\/\/www.facebook.com\/IBGNET.cz\/"]}]}},"_links":{"self":[{"href":"https:\/\/www.ibg-net.cz\/index.php?rest_route=\/wp\/v2\/pages\/134","targetHints":{"allow":["GET"]}}],"collection":[{"href":"https:\/\/www.ibg-net.cz\/index.php?rest_route=\/wp\/v2\/pages"}],"about":[{"href":"https:\/\/www.ibg-net.cz\/index.php?rest_route=\/wp\/v2\/types\/page"}],"author":[{"embeddable":true,"href":"https:\/\/www.ibg-net.cz\/index.php?rest_route=\/wp\/v2\/users\/1"}],"replies":[{"embeddable":true,"href":"https:\/\/www.ibg-net.cz\/index.php?rest_route=%2Fwp%2Fv2%2Fcomments&post=134"}],"version-history":[{"count":27,"href":"https:\/\/www.ibg-net.cz\/index.php?rest_route=\/wp\/v2\/pages\/134\/revisions"}],"predecessor-version":[{"id":839,"href":"https:\/\/www.ibg-net.cz\/index.php?rest_route=\/wp\/v2\/pages\/134\/revisions\/839"}],"wp:attachment":[{"href":"https:\/\/www.ibg-net.cz\/index.php?rest_route=%2Fwp%2Fv2%2Fmedia&parent=134"}],"curies":[{"name":"wp","href":"https:\/\/api.w.org\/{rel}","templated":true}]}}