{"id":68,"date":"2020-03-14T20:56:10","date_gmt":"2020-03-14T19:56:10","guid":{"rendered":"http:\/\/hulwat.ibg-net.cz\/~vigo\/ibgnet\/?page_id=68"},"modified":"2025-02-13T23:06:15","modified_gmt":"2025-02-13T22:06:15","slug":"internet-2","status":"publish","type":"page","link":"https:\/\/www.ibg-net.cz\/?page_id=68","title":{"rendered":"Internet"},"content":{"rendered":"\n<p>Nab\u00edz\u00edme p\u0159ipojen\u00ed k internetu od roku 2000. Byli jsme jedni z prvn\u00edch poskytovatel\u016f telekomunika\u010dn\u00edch slu\u017eeb v \u010cR, kte\u0159\u00ed zp\u0159\u00edstupnili pevn\u00e9 p\u0159ipojen\u00ed dom\u00e1cnostem a mal\u00fdm firm\u00e1m. V sou\u010dasnosti pou\u017e\u00edv\u00e1me pro p\u0159ipojen\u00ed koncov\u00fdch z\u00e1kazn\u00edk\u016f nejmodernej\u0161\u00ed technologie spole\u010dnosti UBIQUITI, kter\u00e9 vys\u00edlaj\u00ed na standardu 802.11N s p\u0159enosovou rychlost\u00ed a\u017e 300Mbps. Tyto jednotky&nbsp; jsou vybaveny propriet\u00e1ln\u00ed technologi\u00ed airMAX (TDMA protokol, zaji\u0161\u0165uj\u00edc\u00ed kontrolu latenc\u00ed na spoj\u00edch). Bytov\u00e9 domy ve vybran\u00fdch lokalit\u00e1ch jsou p\u0159ipojeny optick\u00fdm kabelem, nebo 10GHz p\u00e1te\u0159n\u00edmi spoji. Po kabelov\u00fdch rozvodech jsme schopni dodat konektivitu a\u017e 100Mbps. Od roku 2017 nab\u00edz\u00edme xDSL p\u0159ipojen\u00ed na cel\u00e9m \u00fazem\u00ed \u010cR.<\/p>\n\n\n\n<figure class=\"wp-block-gallery has-nested-images columns-default is-cropped wp-block-gallery-1 is-layout-flex wp-block-gallery-is-layout-flex\">\n<figure class=\"wp-block-image size-large\"><img loading=\"lazy\" decoding=\"async\" width=\"310\" height=\"163\" data-id=\"108\" src=\"https:\/\/www.ibg-net.cz\/wp-content\/uploads\/2020\/03\/images-1.jpg\" alt=\"\" class=\"wp-image-108\" srcset=\"https:\/\/www.ibg-net.cz\/wp-content\/uploads\/2020\/03\/images-1.jpg 310w, https:\/\/www.ibg-net.cz\/wp-content\/uploads\/2020\/03\/images-1-300x158.jpg 300w\" sizes=\"auto, (max-width: 310px) 100vw, 310px\" \/><\/figure>\n\n\n\n<figure class=\"wp-block-image size-large\"><img loading=\"lazy\" decoding=\"async\" width=\"1000\" height=\"640\" data-id=\"109\" src=\"https:\/\/www.ibg-net.cz\/wp-content\/uploads\/2020\/03\/1-1.jpg\" alt=\"\" class=\"wp-image-109\" srcset=\"https:\/\/www.ibg-net.cz\/wp-content\/uploads\/2020\/03\/1-1.jpg 1000w, https:\/\/www.ibg-net.cz\/wp-content\/uploads\/2020\/03\/1-1-300x192.jpg 300w, https:\/\/www.ibg-net.cz\/wp-content\/uploads\/2020\/03\/1-1-768x492.jpg 768w\" sizes=\"auto, (max-width: 1000px) 100vw, 1000px\" \/><\/figure>\n\n\n\n<figure class=\"wp-block-image size-large\"><img loading=\"lazy\" decoding=\"async\" width=\"1024\" height=\"614\" data-id=\"110\" src=\"https:\/\/www.ibg-net.cz\/wp-content\/uploads\/2020\/03\/internet-1-1024x614.jpg\" alt=\"\" class=\"wp-image-110\" srcset=\"https:\/\/www.ibg-net.cz\/wp-content\/uploads\/2020\/03\/internet-1-1024x614.jpg 1024w, https:\/\/www.ibg-net.cz\/wp-content\/uploads\/2020\/03\/internet-1-300x180.jpg 300w, https:\/\/www.ibg-net.cz\/wp-content\/uploads\/2020\/03\/internet-1-768x461.jpg 768w, https:\/\/www.ibg-net.cz\/wp-content\/uploads\/2020\/03\/internet-1.jpg 1200w\" sizes=\"auto, (max-width: 1024px) 100vw, 1024px\" \/><\/figure>\n<\/figure>\n\n\n\n<h3 class=\"wp-block-heading\"><strong>Bezdr\u00e1tov\u00e9 p\u0159ipojen\u00ed \/ optika<\/strong><\/h3>\n\n\n\n<p><strong>P\u0159ipojen\u00ed k internetu dostupnost v obc\u00edch<\/strong>: Bl\u0161any, Brody, Bu\u0161kovice, \u010cern\u010dice, Drahonice,&nbsp;Dv\u00e9rce, Chot\u011bbudice, Kr\u00e1sn\u00fd Dv\u016fr, Kryry, Letov, Lu\u017eec, Ml\u00fdnce, Mory, Mukod\u011bly, Nov\u00e9 T\u0159eb\u010dice, O\u010dihov, Petrohrad, Podbo\u0159any, Podlesice, Ra\u010detice, Radonice, S\u00fdrovice, \u0160i\u0159ok\u00e9 T\u0159eb\u010dice, Vale\u010d v \u010cech\u00e1ch, Valov, Velik\u00e1 Ves, Vidhostice, Vil\u00e9mov, Vit\u010dice, Vroutek, Vysok\u00e9 T\u0159ebu\u0161ice, Zlov\u011bdice.<\/p>\n\n\n\n<p>Pokud jste svou obec ve v\u00fd\u010dtu nena\u0161li, ale bydl\u00edte v regionu podbo\u0159anska, nev\u00e1hejte n\u00e1s kontaktovat jist\u011b najdeme \u0159e\u0161en\u00ed jak V\u00e1s k&nbsp;Internetu p\u0159ipojit.<\/p>\n\n\n\n<figure class=\"wp-block-table\"><table><tbody><tr><td><strong>Instala\u010dn\u00ed n\u00e1klady:<\/strong><\/td><td class=\"has-text-align-right\" data-align=\"right\">&nbsp;<\/td><\/tr><tr><td>Instala\u010dn\u00ed n\u00e1klady &#8211; bezdr\u00e1tov\u00e9 p\u0159ipojen\u00ed:&nbsp;&nbsp;&nbsp;&nbsp;&nbsp;&nbsp;&nbsp;<\/td><td class=\"has-text-align-right\" data-align=\"right\">&nbsp; 500,- K\u010d s DPH<\/td><\/tr><tr><td>Instala\u010dn\u00ed n\u00e1klady &#8211; p\u0159ipojen\u00ed kabelov\u00fdm rozvodem&nbsp;&nbsp;<\/td><td class=\"has-text-align-right\" data-align=\"right\">&nbsp; 500,- K\u010d s DPH<\/td><\/tr><tr><td>WiFi router &#8211; hardware v\u010detn\u011b zapojen\u00ed a nastaven\u00ed &nbsp;&nbsp;<\/td><td class=\"has-text-align-right\" data-align=\"right\">&nbsp; 690,- K\u010d s DPH<\/td><\/tr><tr><td><strong>Cen\u00edk &#8211; bezdr\u00e1tov\u00e9 p\u0159ipojen\u00ed 5-60GHz+  (ve vybran\u00fdch lokalit\u00e1ch):<\/strong><\/td><td class=\"has-text-align-right\" data-align=\"right\">&nbsp;<\/td><\/tr><tr><td>Bezdr\u00e1tov\u00e9 p\u0159ipojen\u00ed 5GHz+    50 Mbps*&nbsp;&nbsp;&nbsp;<\/td><td class=\"has-text-align-right\" data-align=\"right\">&nbsp;&nbsp;&nbsp; 390,- K\u010d s DPH<\/td><\/tr><tr><td>Bezdr\u00e1tov\u00e9 p\u0159ipojen\u00ed 5GHz+  100 Mbps**<\/td><td class=\"has-text-align-right\" data-align=\"right\">490,- K\u010d s DPH<\/td><\/tr><tr><td>Bezdr\u00e1tov\u00e9 p\u0159ipojen\u00ed 60GHz+  200 Mbps*<\/td><td class=\"has-text-align-right\" data-align=\"right\">390,- K\u010d s DPH<\/td><\/tr><tr><td>Bezdr\u00e1tov\u00e9 p\u0159ipojen\u00ed 60GHz+  500 Mbps**  <\/td><td class=\"has-text-align-right\" data-align=\"right\">490,- K\u010d s DPH<\/td><\/tr><tr><td><strong>Cen\u00edk &#8211; bezdr\u00e1tov\u00e9 p\u0159ipojen\u00ed 5GHz:<\/strong><\/td><td class=\"has-text-align-right\" data-align=\"right\"><\/td><\/tr><tr><td>Bezdr\u00e1tov\u00e9 p\u0159ipojen\u00ed 5GHz    10 Mbps&nbsp;&nbsp;<\/td><td class=\"has-text-align-right\" data-align=\"right\">310,- K\u010d s DPH<\/td><\/tr><tr><td>Bezdr\u00e1tov\u00e9 p\u0159ipojen\u00ed 5GHz    25 Mbps*&nbsp;&nbsp;<\/td><td class=\"has-text-align-right\" data-align=\"right\">390,- K\u010d s DPH<\/td><\/tr><tr><td>Bezdr\u00e1tov\u00e9 p\u0159ipojen\u00ed 5GHz    50 Mbps&nbsp;**<\/td><td class=\"has-text-align-right\" data-align=\"right\">490,- K\u010d s DPH<\/td><\/tr><tr><td><strong>Cen\u00edk &#8211; optika:<\/strong><\/td><td class=\"has-text-align-right\" data-align=\"right\"><\/td><\/tr><tr><td>p\u0159ipojen\u00ed kabelov\u00fdm rozvodem 50 Mbps<\/td><td class=\"has-text-align-right\" data-align=\"right\">&nbsp;&nbsp; 310,- K\u010d s DPH<\/td><\/tr><tr><td>p\u0159ipojen\u00ed kabelov\u00fdm rozvodem 200 Mbps<strong>*<\/strong><\/td><td class=\"has-text-align-right\" data-align=\"right\">390,- K\u010d s DPH<\/td><\/tr><tr><td>p\u0159ipojen\u00ed kabelov\u00fdm rozvodem 1000 Mbps<strong>**<\/strong><\/td><td class=\"has-text-align-right\" data-align=\"right\">&nbsp; 490,- K\u010d s DPH<\/td><\/tr><\/tbody><\/table><\/figure>\n\n\n\n<p><em><strong> &#8211; z\u00e1kladn\u00ed bal\u00ed\u010dek TV nezv\u00fdhodn\u011bn\u00fd za 199,- K\u010d <\/strong><\/em><br><em><strong>* &#8211; z\u00e1kladn\u00ed bal\u00ed\u010dek TV za 159,- K\u010d <\/strong><\/em><br><em><strong>** &#8211; z\u00e1kladn\u00ed bal\u00ed\u010dek TV za 119,-K\u010d<\/strong><\/em><br><em>V\u00edce informac\u00ed v sekci televize.<\/em><\/p>\n\n\n\n<p>U v\u0161ech tarif\u016f bezdr\u00e1t\/optika je mo\u017en\u00e9 p\u0159edplacen\u00ed na rok.&nbsp;<strong>Ro\u010dn\u00ed platba pak \u010din\u00ed 10x m\u011bs\u00ed\u010dn\u00ed pau\u0161\u00e1l. Z\u00edsk\u00e1v\u00e1te tedy dva m\u011bs\u00edce zdarma!&nbsp;<\/strong>Ro\u010dn\u00ed platbu je mo\u017en\u00e9 si aktivovat v kter\u00e9mkoliv m\u011bs\u00edci v roce a je v\u017edy p\u0159edplaceno n\u00e1sleduj\u00edc\u00edh 12 m\u011bs\u00edc\u016f<strong>.<\/strong><\/p>\n","protected":false},"excerpt":{"rendered":"<p>Nab\u00edz\u00edme p\u0159ipojen\u00ed k internetu od roku 2000. Byli jsme jedni z prvn\u00edch poskytovatel\u016f telekomunika\u010dn\u00edch slu\u017eeb v \u010cR, kte\u0159\u00ed zp\u0159\u00edstupnili pevn\u00e9 p\u0159ipojen\u00ed dom\u00e1cnostem a mal\u00fdm firm\u00e1m. V sou\u010dasnosti pou\u017e\u00edv\u00e1me pro p\u0159ipojen\u00ed koncov\u00fdch z\u00e1kazn\u00edk\u016f nejmodernej\u0161\u00ed technologie spole\u010dnosti UBIQUITI, kter\u00e9 vys\u00edlaj\u00ed na standardu 802.11N s p\u0159enosovou rychlost\u00ed a\u017e 300Mbps. Tyto jednotky&nbsp; jsou vybaveny propriet\u00e1ln\u00ed technologi\u00ed airMAX (TDMA protokol, &#8230; <a title=\"Internet\" class=\"read-more\" href=\"https:\/\/www.ibg-net.cz\/?page_id=68\">Read more<\/a><\/p>\n","protected":false},"author":1,"featured_media":0,"parent":0,"menu_order":0,"comment_status":"closed","ping_status":"closed","template":"","meta":{"footnotes":""},"class_list":["post-68","page","type-page","status-publish"],"yoast_head":"<!-- This site is optimized with the Yoast SEO plugin v21.5 - https:\/\/yoast.com\/wordpress\/plugins\/seo\/ -->\n<title>Internet - IBG-NET<\/title>\n<meta name=\"description\" content=\"Internet Podbo\u0159any, P\u0159ipojen\u00ed k internetu, ISP, Internet Provider, Televize, Webdesign, Vol\u00e1n\u00ed\" \/>\n<meta name=\"robots\" content=\"index, follow, max-snippet:-1, max-image-preview:large, max-video-preview:-1\" \/>\n<link rel=\"canonical\" href=\"https:\/\/www.ibg-net.cz\/?page_id=68\" \/>\n<meta property=\"og:locale\" content=\"cs_CZ\" \/>\n<meta property=\"og:type\" content=\"article\" \/>\n<meta property=\"og:title\" content=\"Internet - IBG-NET\" \/>\n<meta property=\"og:description\" content=\"Internet Podbo\u0159any, P\u0159ipojen\u00ed k internetu, ISP, Internet Provider, Televize, Webdesign, Vol\u00e1n\u00ed\" \/>\n<meta property=\"og:url\" content=\"https:\/\/www.ibg-net.cz\/?page_id=68\" \/>\n<meta property=\"og:site_name\" content=\"IBG-NET\" \/>\n<meta property=\"article:publisher\" content=\"https:\/\/www.facebook.com\/IBGNET.cz\/\" \/>\n<meta property=\"article:modified_time\" content=\"2025-02-13T22:06:15+00:00\" \/>\n<meta property=\"og:image\" content=\"https:\/\/www.ibg-net.cz\/wp-content\/uploads\/2020\/03\/images-1.jpg\" \/>\n<meta name=\"twitter:card\" content=\"summary_large_image\" \/>\n<meta name=\"twitter:label1\" content=\"Odhadovan\u00e1 doba \u010dten\u00ed\" \/>\n\t<meta name=\"twitter:data1\" content=\"3 minuty\" \/>\n<script type=\"application\/ld+json\" class=\"yoast-schema-graph\">{\"@context\":\"https:\/\/schema.org\",\"@graph\":[{\"@type\":\"WebPage\",\"@id\":\"https:\/\/www.ibg-net.cz\/?page_id=68\",\"url\":\"https:\/\/www.ibg-net.cz\/?page_id=68\",\"name\":\"Internet - IBG-NET\",\"isPartOf\":{\"@id\":\"https:\/\/www.ibg-net.cz\/#website\"},\"datePublished\":\"2020-03-14T19:56:10+00:00\",\"dateModified\":\"2025-02-13T22:06:15+00:00\",\"description\":\"Internet Podbo\u0159any, P\u0159ipojen\u00ed k internetu, ISP, Internet Provider, Televize, Webdesign, Vol\u00e1n\u00ed\",\"breadcrumb\":{\"@id\":\"https:\/\/www.ibg-net.cz\/?page_id=68#breadcrumb\"},\"inLanguage\":\"cs\",\"potentialAction\":[{\"@type\":\"ReadAction\",\"target\":[\"https:\/\/www.ibg-net.cz\/?page_id=68\"]}]},{\"@type\":\"BreadcrumbList\",\"@id\":\"https:\/\/www.ibg-net.cz\/?page_id=68#breadcrumb\",\"itemListElement\":[{\"@type\":\"ListItem\",\"position\":1,\"name\":\"Dom\u016f\",\"item\":\"https:\/\/www.ibg-net.cz\/\"},{\"@type\":\"ListItem\",\"position\":2,\"name\":\"Internet\"}]},{\"@type\":\"WebSite\",\"@id\":\"https:\/\/www.ibg-net.cz\/#website\",\"url\":\"https:\/\/www.ibg-net.cz\/\",\"name\":\"IBG-NET\",\"description\":\"INTERNET ~ TELEVIZE ~ VOL\u00c1N\u00cd\",\"publisher\":{\"@id\":\"https:\/\/www.ibg-net.cz\/#organization\"},\"potentialAction\":[{\"@type\":\"SearchAction\",\"target\":{\"@type\":\"EntryPoint\",\"urlTemplate\":\"https:\/\/www.ibg-net.cz\/?s={search_term_string}\"},\"query-input\":\"required name=search_term_string\"}],\"inLanguage\":\"cs\"},{\"@type\":\"Organization\",\"@id\":\"https:\/\/www.ibg-net.cz\/#organization\",\"name\":\"IBG-NET s.r.o.\",\"url\":\"https:\/\/www.ibg-net.cz\/\",\"logo\":{\"@type\":\"ImageObject\",\"inLanguage\":\"cs\",\"@id\":\"https:\/\/www.ibg-net.cz\/#\/schema\/logo\/image\/\",\"url\":\"https:\/\/www.ibg-net.cz\/wp-content\/uploads\/2020\/05\/LogoP_POUZITE.png\",\"contentUrl\":\"https:\/\/www.ibg-net.cz\/wp-content\/uploads\/2020\/05\/LogoP_POUZITE.png\",\"width\":2000,\"height\":332,\"caption\":\"IBG-NET s.r.o.\"},\"image\":{\"@id\":\"https:\/\/www.ibg-net.cz\/#\/schema\/logo\/image\/\"},\"sameAs\":[\"https:\/\/www.facebook.com\/IBGNET.cz\/\"]}]}<\/script>\n<!-- \/ Yoast SEO plugin. -->","yoast_head_json":{"title":"Internet - IBG-NET","description":"Internet Podbo\u0159any, P\u0159ipojen\u00ed k internetu, ISP, Internet Provider, Televize, Webdesign, Vol\u00e1n\u00ed","robots":{"index":"index","follow":"follow","max-snippet":"max-snippet:-1","max-image-preview":"max-image-preview:large","max-video-preview":"max-video-preview:-1"},"canonical":"https:\/\/www.ibg-net.cz\/?page_id=68","og_locale":"cs_CZ","og_type":"article","og_title":"Internet - IBG-NET","og_description":"Internet Podbo\u0159any, P\u0159ipojen\u00ed k internetu, ISP, Internet Provider, Televize, Webdesign, Vol\u00e1n\u00ed","og_url":"https:\/\/www.ibg-net.cz\/?page_id=68","og_site_name":"IBG-NET","article_publisher":"https:\/\/www.facebook.com\/IBGNET.cz\/","article_modified_time":"2025-02-13T22:06:15+00:00","og_image":[{"url":"https:\/\/www.ibg-net.cz\/wp-content\/uploads\/2020\/03\/images-1.jpg"}],"twitter_card":"summary_large_image","twitter_misc":{"Odhadovan\u00e1 doba \u010dten\u00ed":"3 minuty"},"schema":{"@context":"https:\/\/schema.org","@graph":[{"@type":"WebPage","@id":"https:\/\/www.ibg-net.cz\/?page_id=68","url":"https:\/\/www.ibg-net.cz\/?page_id=68","name":"Internet - IBG-NET","isPartOf":{"@id":"https:\/\/www.ibg-net.cz\/#website"},"datePublished":"2020-03-14T19:56:10+00:00","dateModified":"2025-02-13T22:06:15+00:00","description":"Internet Podbo\u0159any, P\u0159ipojen\u00ed k internetu, ISP, Internet Provider, Televize, Webdesign, Vol\u00e1n\u00ed","breadcrumb":{"@id":"https:\/\/www.ibg-net.cz\/?page_id=68#breadcrumb"},"inLanguage":"cs","potentialAction":[{"@type":"ReadAction","target":["https:\/\/www.ibg-net.cz\/?page_id=68"]}]},{"@type":"BreadcrumbList","@id":"https:\/\/www.ibg-net.cz\/?page_id=68#breadcrumb","itemListElement":[{"@type":"ListItem","position":1,"name":"Dom\u016f","item":"https:\/\/www.ibg-net.cz\/"},{"@type":"ListItem","position":2,"name":"Internet"}]},{"@type":"WebSite","@id":"https:\/\/www.ibg-net.cz\/#website","url":"https:\/\/www.ibg-net.cz\/","name":"IBG-NET","description":"INTERNET ~ TELEVIZE ~ VOL\u00c1N\u00cd","publisher":{"@id":"https:\/\/www.ibg-net.cz\/#organization"},"potentialAction":[{"@type":"SearchAction","target":{"@type":"EntryPoint","urlTemplate":"https:\/\/www.ibg-net.cz\/?s={search_term_string}"},"query-input":"required name=search_term_string"}],"inLanguage":"cs"},{"@type":"Organization","@id":"https:\/\/www.ibg-net.cz\/#organization","name":"IBG-NET s.r.o.","url":"https:\/\/www.ibg-net.cz\/","logo":{"@type":"ImageObject","inLanguage":"cs","@id":"https:\/\/www.ibg-net.cz\/#\/schema\/logo\/image\/","url":"https:\/\/www.ibg-net.cz\/wp-content\/uploads\/2020\/05\/LogoP_POUZITE.png","contentUrl":"https:\/\/www.ibg-net.cz\/wp-content\/uploads\/2020\/05\/LogoP_POUZITE.png","width":2000,"height":332,"caption":"IBG-NET s.r.o."},"image":{"@id":"https:\/\/www.ibg-net.cz\/#\/schema\/logo\/image\/"},"sameAs":["https:\/\/www.facebook.com\/IBGNET.cz\/"]}]}},"_links":{"self":[{"href":"https:\/\/www.ibg-net.cz\/index.php?rest_route=\/wp\/v2\/pages\/68","targetHints":{"allow":["GET"]}}],"collection":[{"href":"https:\/\/www.ibg-net.cz\/index.php?rest_route=\/wp\/v2\/pages"}],"about":[{"href":"https:\/\/www.ibg-net.cz\/index.php?rest_route=\/wp\/v2\/types\/page"}],"author":[{"embeddable":true,"href":"https:\/\/www.ibg-net.cz\/index.php?rest_route=\/wp\/v2\/users\/1"}],"replies":[{"embeddable":true,"href":"https:\/\/www.ibg-net.cz\/index.php?rest_route=%2Fwp%2Fv2%2Fcomments&post=68"}],"version-history":[{"count":13,"href":"https:\/\/www.ibg-net.cz\/index.php?rest_route=\/wp\/v2\/pages\/68\/revisions"}],"predecessor-version":[{"id":841,"href":"https:\/\/www.ibg-net.cz\/index.php?rest_route=\/wp\/v2\/pages\/68\/revisions\/841"}],"wp:attachment":[{"href":"https:\/\/www.ibg-net.cz\/index.php?rest_route=%2Fwp%2Fv2%2Fmedia&parent=68"}],"curies":[{"name":"wp","href":"https:\/\/api.w.org\/{rel}","templated":true}]}}