{"id":73,"date":"2020-03-14T21:05:20","date_gmt":"2020-03-14T20:05:20","guid":{"rendered":"http:\/\/hulwat.ibg-net.cz\/~vigo\/ibgnet\/?page_id=73"},"modified":"2022-07-01T03:25:35","modified_gmt":"2022-07-01T01:25:35","slug":"dsl-pripojeni","status":"publish","type":"page","link":"https:\/\/www.ibg-net.cz\/?page_id=73","title":{"rendered":"DSL p\u0159ipojen\u00ed"},"content":{"rendered":"\n<p><strong>P\u0159ipojen\u00ed k internetu je dostupn\u00e9 na cel\u00e9m \u00fazem\u00ed \u010cR:<\/strong>&nbsp;99% dom\u00e1cnost\u00ed, firem i kancel\u00e1\u0159\u00ed. Dostupnost ADSL\/VDSL p\u0159\u00edpojek a maxim\u00e1ln\u00ed dosa\u017eiteln\u00e9 rychlosti lze prov\u011b\u0159it obratem&nbsp;<strong>telefonicky<\/strong>,&nbsp;<strong>e-mailem<\/strong>&nbsp;nebo&nbsp;<strong>kliknut\u00edm do mapy<\/strong>&nbsp;n\u00ed\u017ee.<\/p>\n\n\n\n<figure class=\"wp-block-image size-large\"><a href=\"https:\/\/zrychlujemecesko.cz\/mapa-pokryti\"><img loading=\"lazy\" decoding=\"async\" width=\"1024\" height=\"630\" src=\"http:\/\/hulwat.ibg-net.cz\/~vigo\/ibgnet\/wp-content\/uploads\/2020\/03\/mapka_DSL1-1024x630.jpg\" alt=\"\" class=\"wp-image-74\" srcset=\"https:\/\/www.ibg-net.cz\/wp-content\/uploads\/2020\/03\/mapka_DSL1-1024x630.jpg 1024w, https:\/\/www.ibg-net.cz\/wp-content\/uploads\/2020\/03\/mapka_DSL1-300x184.jpg 300w, https:\/\/www.ibg-net.cz\/wp-content\/uploads\/2020\/03\/mapka_DSL1-768x472.jpg 768w, https:\/\/www.ibg-net.cz\/wp-content\/uploads\/2020\/03\/mapka_DSL1.jpg 1246w\" sizes=\"auto, (max-width: 1024px) 100vw, 1024px\" \/><\/a><\/figure>\n\n\n\n<figure class=\"wp-block-table\"><table><tbody><tr><td><strong>Instala\u010dn\u00ed n\u00e1klady:<\/strong><\/td><td class=\"has-text-align-right\" data-align=\"right\">&nbsp;<\/td><\/tr><tr><td>Aktivace DSL p\u0159\u00edpojky:<\/td><td class=\"has-text-align-right\" data-align=\"right\">&nbsp;    1,- K\u010d s DPH<\/td><\/tr><tr><td>VDSL modem ASUS s WiFi &nbsp;<\/td><td class=\"has-text-align-right\" data-align=\"right\"> 690,- K\u010d s DPH<\/td><\/tr><tr><td>VDSL2 modem Comtrend s WiFi&nbsp;<\/td><td class=\"has-text-align-right\" data-align=\"right\">1290,- K\u010d s DPH<\/td><\/tr><tr><td><strong>Cen\u00edk ADSL\/VDSL<\/strong><\/td><td class=\"has-text-align-right\" data-align=\"right\">&nbsp;<\/td><\/tr><tr><td>VDSL 20Mbps*<\/td><td class=\"has-text-align-right\" data-align=\"right\">449,- K\u010d s DPH<\/td><\/tr><tr><td>VDSL2 50Mbps*<\/td><td class=\"has-text-align-right\" data-align=\"right\">499,- K\u010d s DPH<\/td><\/tr><tr><td>VDSL2 100Mbps*<\/td><td class=\"has-text-align-right\" data-align=\"right\">569,- K\u010d s DPH<\/td><\/tr><tr><td>Pron\u00e1jem ethernet p\u0159evodn\u00edku<\/td><td class=\"has-text-align-right\" data-align=\"right\">50,- K\u010d s DPH<\/td><\/tr><\/tbody><\/table><\/figure>\n\n\n\n<p><em><strong>* &#8211; z\u00e1kladn\u00ed bal\u00ed\u010dek TV za 99,- K\u010d\u00a0<\/strong>V\u00edce informac\u00ed v sekci televize.<strong><br><\/strong><\/em><\/p>\n\n\n\n<p>Telekomunika\u010dn\u00ed slu\u017eby poskytovan\u00e9 spole\u010dnost\u00ed&nbsp;<strong>IBG-NET s.r.o.<\/strong>&nbsp;jsou poskytov\u00e1ny&nbsp;<strong>V\u017dDY na dobu neur\u010ditou se standartn\u00ed dvoum\u011bs\u00ed\u010dn\u00ed v\u00fdpov\u011bdn\u00ed lh\u016ftou.<\/strong>&nbsp;\u017d\u00e1dn\u00fd z\u00e1kazn\u00edk nen\u00ed v\u00e1z\u00e1n ro\u010dn\u00ed nebo dvouletou smlouvou s automatick\u00fdm prodlu\u017eov\u00e1n\u00edm o dal\u0161\u00ed roky jako to b\u00fdv\u00e1 obvykl\u00e9 u jin\u00fdch dodavatel\u016f.<\/p>\n","protected":false},"excerpt":{"rendered":"<p>P\u0159ipojen\u00ed k internetu je dostupn\u00e9 na cel\u00e9m \u00fazem\u00ed \u010cR:&nbsp;99% dom\u00e1cnost\u00ed, firem i kancel\u00e1\u0159\u00ed. Dostupnost ADSL\/VDSL p\u0159\u00edpojek a maxim\u00e1ln\u00ed dosa\u017eiteln\u00e9 rychlosti lze prov\u011b\u0159it obratem&nbsp;telefonicky,&nbsp;e-mailem&nbsp;nebo&nbsp;kliknut\u00edm do mapy&nbsp;n\u00ed\u017ee. Instala\u010dn\u00ed n\u00e1klady: &nbsp; Aktivace DSL p\u0159\u00edpojky: &nbsp; 1,- K\u010d s DPH VDSL modem ASUS s WiFi &nbsp; 690,- K\u010d s DPH VDSL2 modem Comtrend s WiFi&nbsp; 1290,- K\u010d s DPH &#8230; <a title=\"DSL p\u0159ipojen\u00ed\" class=\"read-more\" href=\"https:\/\/www.ibg-net.cz\/?page_id=73\">Read more<\/a><\/p>\n","protected":false},"author":1,"featured_media":0,"parent":68,"menu_order":0,"comment_status":"closed","ping_status":"closed","template":"","meta":{"footnotes":""},"class_list":["post-73","page","type-page","status-publish"],"yoast_head":"<!-- This site is optimized with the Yoast SEO plugin v21.5 - https:\/\/yoast.com\/wordpress\/plugins\/seo\/ -->\n<title>DSL p\u0159ipojen\u00ed - IBG-NET<\/title>\n<meta name=\"description\" content=\"Internet Podbo\u0159any, P\u0159ipojen\u00ed k internetu, ISP, Internet Provider, Televize, Webdesign, Vol\u00e1n\u00ed\" \/>\n<meta name=\"robots\" content=\"index, follow, max-snippet:-1, max-image-preview:large, max-video-preview:-1\" \/>\n<link rel=\"canonical\" href=\"https:\/\/www.ibg-net.cz\/?page_id=73\" \/>\n<meta property=\"og:locale\" content=\"cs_CZ\" \/>\n<meta property=\"og:type\" content=\"article\" \/>\n<meta property=\"og:title\" content=\"DSL p\u0159ipojen\u00ed - IBG-NET\" \/>\n<meta property=\"og:description\" content=\"Internet Podbo\u0159any, P\u0159ipojen\u00ed k internetu, ISP, Internet Provider, Televize, Webdesign, Vol\u00e1n\u00ed\" \/>\n<meta property=\"og:url\" content=\"https:\/\/www.ibg-net.cz\/?page_id=73\" \/>\n<meta property=\"og:site_name\" content=\"IBG-NET\" \/>\n<meta property=\"article:publisher\" content=\"https:\/\/www.facebook.com\/IBGNET.cz\/\" \/>\n<meta property=\"article:modified_time\" content=\"2022-07-01T01:25:35+00:00\" \/>\n<meta property=\"og:image\" content=\"http:\/\/hulwat.ibg-net.cz\/~vigo\/ibgnet\/wp-content\/uploads\/2020\/03\/mapka_DSL1-1024x630.jpg\" \/>\n<meta name=\"twitter:card\" content=\"summary_large_image\" \/>\n<meta name=\"twitter:label1\" content=\"Odhadovan\u00e1 doba \u010dten\u00ed\" \/>\n\t<meta name=\"twitter:data1\" content=\"1 minuta\" \/>\n<script type=\"application\/ld+json\" class=\"yoast-schema-graph\">{\"@context\":\"https:\/\/schema.org\",\"@graph\":[{\"@type\":\"WebPage\",\"@id\":\"https:\/\/www.ibg-net.cz\/?page_id=73\",\"url\":\"https:\/\/www.ibg-net.cz\/?page_id=73\",\"name\":\"DSL p\u0159ipojen\u00ed - IBG-NET\",\"isPartOf\":{\"@id\":\"https:\/\/www.ibg-net.cz\/#website\"},\"datePublished\":\"2020-03-14T20:05:20+00:00\",\"dateModified\":\"2022-07-01T01:25:35+00:00\",\"description\":\"Internet Podbo\u0159any, P\u0159ipojen\u00ed k internetu, ISP, Internet Provider, Televize, Webdesign, Vol\u00e1n\u00ed\",\"breadcrumb\":{\"@id\":\"https:\/\/www.ibg-net.cz\/?page_id=73#breadcrumb\"},\"inLanguage\":\"cs\",\"potentialAction\":[{\"@type\":\"ReadAction\",\"target\":[\"https:\/\/www.ibg-net.cz\/?page_id=73\"]}]},{\"@type\":\"BreadcrumbList\",\"@id\":\"https:\/\/www.ibg-net.cz\/?page_id=73#breadcrumb\",\"itemListElement\":[{\"@type\":\"ListItem\",\"position\":1,\"name\":\"Dom\u016f\",\"item\":\"https:\/\/www.ibg-net.cz\/\"},{\"@type\":\"ListItem\",\"position\":2,\"name\":\"Internet\",\"item\":\"https:\/\/www.ibg-net.cz\/?page_id=68\"},{\"@type\":\"ListItem\",\"position\":3,\"name\":\"DSL p\u0159ipojen\u00ed\"}]},{\"@type\":\"WebSite\",\"@id\":\"https:\/\/www.ibg-net.cz\/#website\",\"url\":\"https:\/\/www.ibg-net.cz\/\",\"name\":\"IBG-NET\",\"description\":\"INTERNET ~ TELEVIZE ~ VOL\u00c1N\u00cd\",\"publisher\":{\"@id\":\"https:\/\/www.ibg-net.cz\/#organization\"},\"potentialAction\":[{\"@type\":\"SearchAction\",\"target\":{\"@type\":\"EntryPoint\",\"urlTemplate\":\"https:\/\/www.ibg-net.cz\/?s={search_term_string}\"},\"query-input\":\"required name=search_term_string\"}],\"inLanguage\":\"cs\"},{\"@type\":\"Organization\",\"@id\":\"https:\/\/www.ibg-net.cz\/#organization\",\"name\":\"IBG-NET s.r.o.\",\"url\":\"https:\/\/www.ibg-net.cz\/\",\"logo\":{\"@type\":\"ImageObject\",\"inLanguage\":\"cs\",\"@id\":\"https:\/\/www.ibg-net.cz\/#\/schema\/logo\/image\/\",\"url\":\"https:\/\/www.ibg-net.cz\/wp-content\/uploads\/2020\/05\/LogoP_POUZITE.png\",\"contentUrl\":\"https:\/\/www.ibg-net.cz\/wp-content\/uploads\/2020\/05\/LogoP_POUZITE.png\",\"width\":2000,\"height\":332,\"caption\":\"IBG-NET s.r.o.\"},\"image\":{\"@id\":\"https:\/\/www.ibg-net.cz\/#\/schema\/logo\/image\/\"},\"sameAs\":[\"https:\/\/www.facebook.com\/IBGNET.cz\/\"]}]}<\/script>\n<!-- \/ Yoast SEO plugin. -->","yoast_head_json":{"title":"DSL p\u0159ipojen\u00ed - IBG-NET","description":"Internet Podbo\u0159any, P\u0159ipojen\u00ed k internetu, ISP, Internet Provider, Televize, Webdesign, Vol\u00e1n\u00ed","robots":{"index":"index","follow":"follow","max-snippet":"max-snippet:-1","max-image-preview":"max-image-preview:large","max-video-preview":"max-video-preview:-1"},"canonical":"https:\/\/www.ibg-net.cz\/?page_id=73","og_locale":"cs_CZ","og_type":"article","og_title":"DSL p\u0159ipojen\u00ed - IBG-NET","og_description":"Internet Podbo\u0159any, P\u0159ipojen\u00ed k internetu, ISP, Internet Provider, Televize, Webdesign, Vol\u00e1n\u00ed","og_url":"https:\/\/www.ibg-net.cz\/?page_id=73","og_site_name":"IBG-NET","article_publisher":"https:\/\/www.facebook.com\/IBGNET.cz\/","article_modified_time":"2022-07-01T01:25:35+00:00","og_image":[{"url":"http:\/\/hulwat.ibg-net.cz\/~vigo\/ibgnet\/wp-content\/uploads\/2020\/03\/mapka_DSL1-1024x630.jpg"}],"twitter_card":"summary_large_image","twitter_misc":{"Odhadovan\u00e1 doba \u010dten\u00ed":"1 minuta"},"schema":{"@context":"https:\/\/schema.org","@graph":[{"@type":"WebPage","@id":"https:\/\/www.ibg-net.cz\/?page_id=73","url":"https:\/\/www.ibg-net.cz\/?page_id=73","name":"DSL p\u0159ipojen\u00ed - IBG-NET","isPartOf":{"@id":"https:\/\/www.ibg-net.cz\/#website"},"datePublished":"2020-03-14T20:05:20+00:00","dateModified":"2022-07-01T01:25:35+00:00","description":"Internet Podbo\u0159any, P\u0159ipojen\u00ed k internetu, ISP, Internet Provider, Televize, Webdesign, Vol\u00e1n\u00ed","breadcrumb":{"@id":"https:\/\/www.ibg-net.cz\/?page_id=73#breadcrumb"},"inLanguage":"cs","potentialAction":[{"@type":"ReadAction","target":["https:\/\/www.ibg-net.cz\/?page_id=73"]}]},{"@type":"BreadcrumbList","@id":"https:\/\/www.ibg-net.cz\/?page_id=73#breadcrumb","itemListElement":[{"@type":"ListItem","position":1,"name":"Dom\u016f","item":"https:\/\/www.ibg-net.cz\/"},{"@type":"ListItem","position":2,"name":"Internet","item":"https:\/\/www.ibg-net.cz\/?page_id=68"},{"@type":"ListItem","position":3,"name":"DSL p\u0159ipojen\u00ed"}]},{"@type":"WebSite","@id":"https:\/\/www.ibg-net.cz\/#website","url":"https:\/\/www.ibg-net.cz\/","name":"IBG-NET","description":"INTERNET ~ TELEVIZE ~ VOL\u00c1N\u00cd","publisher":{"@id":"https:\/\/www.ibg-net.cz\/#organization"},"potentialAction":[{"@type":"SearchAction","target":{"@type":"EntryPoint","urlTemplate":"https:\/\/www.ibg-net.cz\/?s={search_term_string}"},"query-input":"required name=search_term_string"}],"inLanguage":"cs"},{"@type":"Organization","@id":"https:\/\/www.ibg-net.cz\/#organization","name":"IBG-NET s.r.o.","url":"https:\/\/www.ibg-net.cz\/","logo":{"@type":"ImageObject","inLanguage":"cs","@id":"https:\/\/www.ibg-net.cz\/#\/schema\/logo\/image\/","url":"https:\/\/www.ibg-net.cz\/wp-content\/uploads\/2020\/05\/LogoP_POUZITE.png","contentUrl":"https:\/\/www.ibg-net.cz\/wp-content\/uploads\/2020\/05\/LogoP_POUZITE.png","width":2000,"height":332,"caption":"IBG-NET s.r.o."},"image":{"@id":"https:\/\/www.ibg-net.cz\/#\/schema\/logo\/image\/"},"sameAs":["https:\/\/www.facebook.com\/IBGNET.cz\/"]}]}},"_links":{"self":[{"href":"https:\/\/www.ibg-net.cz\/index.php?rest_route=\/wp\/v2\/pages\/73","targetHints":{"allow":["GET"]}}],"collection":[{"href":"https:\/\/www.ibg-net.cz\/index.php?rest_route=\/wp\/v2\/pages"}],"about":[{"href":"https:\/\/www.ibg-net.cz\/index.php?rest_route=\/wp\/v2\/types\/page"}],"author":[{"embeddable":true,"href":"https:\/\/www.ibg-net.cz\/index.php?rest_route=\/wp\/v2\/users\/1"}],"replies":[{"embeddable":true,"href":"https:\/\/www.ibg-net.cz\/index.php?rest_route=%2Fwp%2Fv2%2Fcomments&post=73"}],"version-history":[{"count":9,"href":"https:\/\/www.ibg-net.cz\/index.php?rest_route=\/wp\/v2\/pages\/73\/revisions"}],"predecessor-version":[{"id":765,"href":"https:\/\/www.ibg-net.cz\/index.php?rest_route=\/wp\/v2\/pages\/73\/revisions\/765"}],"up":[{"embeddable":true,"href":"https:\/\/www.ibg-net.cz\/index.php?rest_route=\/wp\/v2\/pages\/68"}],"wp:attachment":[{"href":"https:\/\/www.ibg-net.cz\/index.php?rest_route=%2Fwp%2Fv2%2Fmedia&parent=73"}],"curies":[{"name":"wp","href":"https:\/\/api.w.org\/{rel}","templated":true}]}}