{"id":8,"date":"2020-03-14T17:10:07","date_gmt":"2020-03-14T16:10:07","guid":{"rendered":"http:\/\/hulwat.ibg-net.cz\/~vigo\/ibgnet\/?page_id=8"},"modified":"2020-03-15T17:20:52","modified_gmt":"2020-03-15T16:20:52","slug":"o-nas","status":"publish","type":"page","link":"https:\/\/www.ibg-net.cz\/","title":{"rendered":"O n\u00e1s"},"content":{"rendered":"\n<p>Spole\u010dnost IBG-NET byla zalo\u017eena v roce 1998 jako sdru\u017een\u00ed podnikatel\u016f. P\u0159edm\u011btem \u010dinnosti byl maloobchodn\u00ed prodej v\u00fdpo\u010detn\u00ed techniky a spr\u00e1va s\u00edt\u00ed LAN. Koncem roku 1999 jsme za\u010dali budovat internetovou s\u00ed\u0165 v Podbo\u0159anech, kter\u00e1 byla spu\u0161t\u011bna za\u010d\u00e1tkem roku 2000. S\u00ed\u0165 jsme postupn\u011b roz\u0161i\u0159ovali do dal\u0161\u00edch obc\u00ed regionu. V sou\u010dasnosti je v provozu 28 vys\u00edlac\u00edch bod\u016f, kter\u00e9 zaji\u0161\u0165uj\u00ed pokryt\u00ed pro 11 obc\u00ed. Jsme jedin\u00fdm poskytovatelem internetu, kter\u00fd nab\u00edz\u00ed sv\u00e9 slu\u017eby komplexn\u011b v cel\u00e9m regionu Podbo\u0159anska. Od roku 2011 p\u016fsob\u00ed spole\u010dnost IBG-NET jako spole\u010dnost s ru\u010den\u00edm omezen\u00fdm IBG-NET s.r.o.<\/p>\n\n\n\n<h3 class=\"wp-block-heading\"><strong>Portfolio slu\u017eeb spole\u010dnosti:<\/strong><\/h3>\n\n\n\n<p><strong>P\u0159ipojen\u00ed k internetu<\/strong>&nbsp; &#8211;&nbsp; Nab\u00edz\u00edme vysokorychlostn\u00ed p\u0159ipojen\u00ed k internetu bezdr\u00e1tov\u011b, nebo kabelov\u00fdm rozvodem v bytov\u00fdch domech v obc\u00edch: Bl\u0161any, Brody, Bu\u0161kovice, \u010cern\u010dice, Drahonice,&nbsp;Dv\u00e9rce, Kr\u00e1sn\u00fd Dv\u016fr, Kryry, Letov, Lu\u017eec, Ml\u00fdnce, Mory, Mukod\u011bly, Nov\u00e9 T\u0159eb\u010dice, O\u010dihov, Petrohrad, Podbo\u0159any, Podlesice, Ra\u010detice, Radonice, \u0160i\u0159ok\u00e9 T\u0159eb\u010dice, Vale\u010d v \u010cech\u00e1ch, Velik\u00e1 Ves, Vidhostice, Vil\u00e9mov, Vit\u010dice, Vroutek, Vysok\u00e9 T\u0159ebu\u0161ice, Zlov\u011bdice.<\/p>\n\n\n\n<p>Pokud jste svou obec ve v\u00fd\u010dtu nena\u0161li, ale bydl\u00edte v regionu Podbo\u0159anska, nev\u00e1hejte n\u00e1s kontaktovat jist\u011b najdeme \u0159e\u0161en\u00ed jak V\u00e1s k Internetu p\u0159ipojit.<\/p>\n\n\n\n<p><strong>Televize pro Va\u0161i dom\u00e1cnost &#8211;<\/strong> Slu\u017ebu televizn\u00edho vys\u00edl\u00e1n\u00ed prost\u0159ednictv\u00edm internetu provozujeme ve spolupr\u00e1ci se spole\u010dnost\u00ed sledovanitv s.r.o. V sou\u010dasn\u00e9 dob\u011b je mo\u017en\u00e9 sledovat t\u00e9m\u011b\u0159 150 program\u016f na televizi prost\u0159ednictv\u00edm Set-Top-Boxu, aplikace v TV (pouze n\u011bkter\u00e9 modely TV) po\u010d\u00edta\u010di, tabletu, nebo telefonu. Slu\u017eba umo\u017e\u0148uje sledovat televizn\u00ed programy a\u017e 30 hodin zp\u011btn\u011b, nebo nahr\u00e1v\u00e1n\u00ed a\u017e 40 hodin Va\u0161ich obl\u00edben\u00fdch po\u0159ad\u016f.\u00a0\u00a0<\/p>\n\n\n\n<p><strong>Hlasov\u00e9 slu\u017eby<\/strong>&nbsp;&#8211; Provozujeme pevnou telefonn\u00ed slu\u017ebu (pevn\u00e9 linky) i mobiln\u00ed GSM slu\u017eby (pod zna\u010dkou CallPro &#8211;&nbsp;<a href=\"http:\/\/www.callpro.cz\/\">www.callpro.cz<\/a>). Nab\u00edz\u00edme nejlevn\u011bj\u0161\u00ed vol\u00e1n\u00ed, SMS, MMS i mobiln\u00ed data. V t\u00e9to oblasti slu\u017eeb p\u016fsob\u00edme po cel\u00e9 \u010cR.<\/p>\n\n\n\n<p><strong>Webdesign, webosting<\/strong>&nbsp;&#8211; nab\u00edz\u00edme tvorbu webov\u00fdch prezentac\u00ed, eshop\u016f, on-line aplikac\u00ed atd, jejich um\u00edst\u011bn\u00ed na internetu, mailhosting, registraci a um\u00edst\u011bn\u00ed dom\u00e9n partnera, poradenstv\u00ed v oblasti SEO a spr\u00e1vy reklamn\u00edch kampan\u00ed.<\/p>\n\n\n\n<p><strong>Prodej a servis IT a elektroniky<\/strong><\/p>\n\n\n\n<p><\/p>\n","protected":false},"excerpt":{"rendered":"<p>Spole\u010dnost IBG-NET byla zalo\u017eena v roce 1998 jako sdru\u017een\u00ed podnikatel\u016f. P\u0159edm\u011btem \u010dinnosti byl maloobchodn\u00ed prodej v\u00fdpo\u010detn\u00ed techniky a spr\u00e1va s\u00edt\u00ed LAN. Koncem roku 1999 jsme za\u010dali budovat internetovou s\u00ed\u0165 v Podbo\u0159anech, kter\u00e1 byla spu\u0161t\u011bna za\u010d\u00e1tkem roku 2000. S\u00ed\u0165 jsme postupn\u011b roz\u0161i\u0159ovali do dal\u0161\u00edch obc\u00ed regionu. V sou\u010dasnosti je v provozu 28 vys\u00edlac\u00edch bod\u016f, kter\u00e9 zaji\u0161\u0165uj\u00ed &#8230; <a title=\"O n\u00e1s\" class=\"read-more\" href=\"https:\/\/www.ibg-net.cz\/\">Read more<\/a><\/p>\n","protected":false},"author":1,"featured_media":0,"parent":0,"menu_order":0,"comment_status":"closed","ping_status":"closed","template":"","meta":{"footnotes":""},"class_list":["post-8","page","type-page","status-publish"],"yoast_head":"<!-- This site is optimized with the Yoast SEO plugin v21.5 - https:\/\/yoast.com\/wordpress\/plugins\/seo\/ -->\n<title>O n\u00e1s - IBG-NET<\/title>\n<meta name=\"description\" content=\"Internet Podbo\u0159any, P\u0159ipojen\u00ed k internetu, ISP, Internet Provider, Televize, Webdesign, Vol\u00e1n\u00ed\" \/>\n<meta name=\"robots\" content=\"index, follow, max-snippet:-1, max-image-preview:large, max-video-preview:-1\" \/>\n<link rel=\"canonical\" href=\"https:\/\/www.ibg-net.cz\/\" \/>\n<meta property=\"og:locale\" content=\"cs_CZ\" \/>\n<meta property=\"og:type\" content=\"article\" \/>\n<meta property=\"og:title\" content=\"O n\u00e1s - IBG-NET\" \/>\n<meta property=\"og:description\" content=\"Internet Podbo\u0159any, P\u0159ipojen\u00ed k internetu, ISP, Internet Provider, Televize, Webdesign, Vol\u00e1n\u00ed\" \/>\n<meta property=\"og:url\" content=\"https:\/\/www.ibg-net.cz\/\" \/>\n<meta property=\"og:site_name\" content=\"IBG-NET\" \/>\n<meta property=\"article:publisher\" content=\"https:\/\/www.facebook.com\/IBGNET.cz\/\" \/>\n<meta property=\"article:modified_time\" content=\"2020-03-15T16:20:52+00:00\" \/>\n<meta name=\"twitter:card\" content=\"summary_large_image\" \/>\n<meta name=\"twitter:label1\" content=\"Odhadovan\u00e1 doba \u010dten\u00ed\" \/>\n\t<meta name=\"twitter:data1\" content=\"2 minuty\" \/>\n<script type=\"application\/ld+json\" class=\"yoast-schema-graph\">{\"@context\":\"https:\/\/schema.org\",\"@graph\":[{\"@type\":\"WebPage\",\"@id\":\"https:\/\/www.ibg-net.cz\/\",\"url\":\"https:\/\/www.ibg-net.cz\/\",\"name\":\"O n\u00e1s - IBG-NET\",\"isPartOf\":{\"@id\":\"https:\/\/www.ibg-net.cz\/#website\"},\"datePublished\":\"2020-03-14T16:10:07+00:00\",\"dateModified\":\"2020-03-15T16:20:52+00:00\",\"description\":\"Internet Podbo\u0159any, P\u0159ipojen\u00ed k internetu, ISP, Internet Provider, Televize, Webdesign, Vol\u00e1n\u00ed\",\"breadcrumb\":{\"@id\":\"https:\/\/www.ibg-net.cz\/#breadcrumb\"},\"inLanguage\":\"cs\",\"potentialAction\":[{\"@type\":\"ReadAction\",\"target\":[\"https:\/\/www.ibg-net.cz\/\"]}]},{\"@type\":\"BreadcrumbList\",\"@id\":\"https:\/\/www.ibg-net.cz\/#breadcrumb\",\"itemListElement\":[{\"@type\":\"ListItem\",\"position\":1,\"name\":\"Dom\u016f\",\"item\":\"https:\/\/www.ibg-net.cz\/\"},{\"@type\":\"ListItem\",\"position\":2,\"name\":\"O n\u00e1s\"}]},{\"@type\":\"WebSite\",\"@id\":\"https:\/\/www.ibg-net.cz\/#website\",\"url\":\"https:\/\/www.ibg-net.cz\/\",\"name\":\"IBG-NET\",\"description\":\"INTERNET ~ TELEVIZE ~ VOL\u00c1N\u00cd\",\"publisher\":{\"@id\":\"https:\/\/www.ibg-net.cz\/#organization\"},\"potentialAction\":[{\"@type\":\"SearchAction\",\"target\":{\"@type\":\"EntryPoint\",\"urlTemplate\":\"https:\/\/www.ibg-net.cz\/?s={search_term_string}\"},\"query-input\":\"required name=search_term_string\"}],\"inLanguage\":\"cs\"},{\"@type\":\"Organization\",\"@id\":\"https:\/\/www.ibg-net.cz\/#organization\",\"name\":\"IBG-NET s.r.o.\",\"url\":\"https:\/\/www.ibg-net.cz\/\",\"logo\":{\"@type\":\"ImageObject\",\"inLanguage\":\"cs\",\"@id\":\"https:\/\/www.ibg-net.cz\/#\/schema\/logo\/image\/\",\"url\":\"https:\/\/www.ibg-net.cz\/wp-content\/uploads\/2020\/05\/LogoP_POUZITE.png\",\"contentUrl\":\"https:\/\/www.ibg-net.cz\/wp-content\/uploads\/2020\/05\/LogoP_POUZITE.png\",\"width\":2000,\"height\":332,\"caption\":\"IBG-NET s.r.o.\"},\"image\":{\"@id\":\"https:\/\/www.ibg-net.cz\/#\/schema\/logo\/image\/\"},\"sameAs\":[\"https:\/\/www.facebook.com\/IBGNET.cz\/\"]}]}<\/script>\n<!-- \/ Yoast SEO plugin. -->","yoast_head_json":{"title":"O n\u00e1s - IBG-NET","description":"Internet Podbo\u0159any, P\u0159ipojen\u00ed k internetu, ISP, Internet Provider, Televize, Webdesign, Vol\u00e1n\u00ed","robots":{"index":"index","follow":"follow","max-snippet":"max-snippet:-1","max-image-preview":"max-image-preview:large","max-video-preview":"max-video-preview:-1"},"canonical":"https:\/\/www.ibg-net.cz\/","og_locale":"cs_CZ","og_type":"article","og_title":"O n\u00e1s - IBG-NET","og_description":"Internet Podbo\u0159any, P\u0159ipojen\u00ed k internetu, ISP, Internet Provider, Televize, Webdesign, Vol\u00e1n\u00ed","og_url":"https:\/\/www.ibg-net.cz\/","og_site_name":"IBG-NET","article_publisher":"https:\/\/www.facebook.com\/IBGNET.cz\/","article_modified_time":"2020-03-15T16:20:52+00:00","twitter_card":"summary_large_image","twitter_misc":{"Odhadovan\u00e1 doba \u010dten\u00ed":"2 minuty"},"schema":{"@context":"https:\/\/schema.org","@graph":[{"@type":"WebPage","@id":"https:\/\/www.ibg-net.cz\/","url":"https:\/\/www.ibg-net.cz\/","name":"O n\u00e1s - IBG-NET","isPartOf":{"@id":"https:\/\/www.ibg-net.cz\/#website"},"datePublished":"2020-03-14T16:10:07+00:00","dateModified":"2020-03-15T16:20:52+00:00","description":"Internet Podbo\u0159any, P\u0159ipojen\u00ed k internetu, ISP, Internet Provider, Televize, Webdesign, Vol\u00e1n\u00ed","breadcrumb":{"@id":"https:\/\/www.ibg-net.cz\/#breadcrumb"},"inLanguage":"cs","potentialAction":[{"@type":"ReadAction","target":["https:\/\/www.ibg-net.cz\/"]}]},{"@type":"BreadcrumbList","@id":"https:\/\/www.ibg-net.cz\/#breadcrumb","itemListElement":[{"@type":"ListItem","position":1,"name":"Dom\u016f","item":"https:\/\/www.ibg-net.cz\/"},{"@type":"ListItem","position":2,"name":"O n\u00e1s"}]},{"@type":"WebSite","@id":"https:\/\/www.ibg-net.cz\/#website","url":"https:\/\/www.ibg-net.cz\/","name":"IBG-NET","description":"INTERNET ~ TELEVIZE ~ VOL\u00c1N\u00cd","publisher":{"@id":"https:\/\/www.ibg-net.cz\/#organization"},"potentialAction":[{"@type":"SearchAction","target":{"@type":"EntryPoint","urlTemplate":"https:\/\/www.ibg-net.cz\/?s={search_term_string}"},"query-input":"required name=search_term_string"}],"inLanguage":"cs"},{"@type":"Organization","@id":"https:\/\/www.ibg-net.cz\/#organization","name":"IBG-NET s.r.o.","url":"https:\/\/www.ibg-net.cz\/","logo":{"@type":"ImageObject","inLanguage":"cs","@id":"https:\/\/www.ibg-net.cz\/#\/schema\/logo\/image\/","url":"https:\/\/www.ibg-net.cz\/wp-content\/uploads\/2020\/05\/LogoP_POUZITE.png","contentUrl":"https:\/\/www.ibg-net.cz\/wp-content\/uploads\/2020\/05\/LogoP_POUZITE.png","width":2000,"height":332,"caption":"IBG-NET s.r.o."},"image":{"@id":"https:\/\/www.ibg-net.cz\/#\/schema\/logo\/image\/"},"sameAs":["https:\/\/www.facebook.com\/IBGNET.cz\/"]}]}},"_links":{"self":[{"href":"https:\/\/www.ibg-net.cz\/index.php?rest_route=\/wp\/v2\/pages\/8","targetHints":{"allow":["GET"]}}],"collection":[{"href":"https:\/\/www.ibg-net.cz\/index.php?rest_route=\/wp\/v2\/pages"}],"about":[{"href":"https:\/\/www.ibg-net.cz\/index.php?rest_route=\/wp\/v2\/types\/page"}],"author":[{"embeddable":true,"href":"https:\/\/www.ibg-net.cz\/index.php?rest_route=\/wp\/v2\/users\/1"}],"replies":[{"embeddable":true,"href":"https:\/\/www.ibg-net.cz\/index.php?rest_route=%2Fwp%2Fv2%2Fcomments&post=8"}],"version-history":[{"count":6,"href":"https:\/\/www.ibg-net.cz\/index.php?rest_route=\/wp\/v2\/pages\/8\/revisions"}],"predecessor-version":[{"id":160,"href":"https:\/\/www.ibg-net.cz\/index.php?rest_route=\/wp\/v2\/pages\/8\/revisions\/160"}],"wp:attachment":[{"href":"https:\/\/www.ibg-net.cz\/index.php?rest_route=%2Fwp%2Fv2%2Fmedia&parent=8"}],"curies":[{"name":"wp","href":"https:\/\/api.w.org\/{rel}","templated":true}]}}