{"id":821,"date":"2024-07-10T14:13:15","date_gmt":"2024-07-10T12:13:15","guid":{"rendered":"https:\/\/www.ibg-net.cz\/?page_id=821"},"modified":"2024-08-26T21:19:53","modified_gmt":"2024-08-26T19:19:53","slug":"sluzby","status":"publish","type":"page","link":"https:\/\/www.ibg-net.cz\/?page_id=821","title":{"rendered":"Slu\u017eby"},"content":{"rendered":"\n<p>Nab\u00edz\u00edme slu\u017eby v oblasti IT a telekomunikac\u00ed. M\u00e1me dlouholet\u00e9 zku\u0161enosti v oblast\u00ed spr\u00e1vy s\u00edt\u00ed, kamerov\u00fdch syst\u00e9m\u016f, instalac\u00ed a realizaci optick\u00fdch i metalick\u00fdch datov\u00fdch rozvod\u016f, firemn\u00edch bezdr\u00e1tov\u00fdch s\u00edt\u00ed, d\u00e1le v oblasti spr\u00e1vy informa\u010dn\u00edch syst\u00e9m\u016f, datov\u00fdch s\u00edt\u00ed, server\u016f, hlasov\u00fdch \u00fast\u0159eden, atd.<\/p>\n\n\n\n<p><\/p>\n\n\n\n<p><strong>Spr\u00e1va po\u010d\u00edta\u010dov\u00fdch s\u00edt\u00ed<\/strong>:<\/p>\n\n\n\n<p>Nab\u00edz\u00edme spr\u00e1vu po\u010d\u00edta\u010dov\u00fdch s\u00edt\u00ed pro firmy \u00fa\u0159ady nebo instituce. Slu\u017eba zahrnuje spr\u00e1vu a \u00fadr\u017ebu IT vybaven\u00ed, po\u010d\u00edta\u010dov\u00fdch s\u00edt\u00ed, server\u016f a aplikac\u00ed odb\u011bratele. D\u00e1le pak dohled na bezpe\u010dnost s\u00edt\u011b  a z\u00e1lohov\u00e1n\u00ed dat, optimalizaci n\u00e1klad\u016f na IT vybaven\u00ed a software. Pozitivem na\u0161ich slu\u017eeb je kr\u00e1tk\u00e1 a garantovan\u00e1 reak\u010dn\u00ed doba d\u00edky teamu 5 zku\u0161en\u00fdch technik\u016f. Outsourcing spr\u00e1vy po\u010d\u00edta\u010dov\u00e9 s\u00edt\u011b p\u0159edstavuje pro firmy obvykle v\u00fdznamnou \u00fasporu n\u00e1klad\u016f. V p\u0159\u00edpad\u011b z\u00e1jmu zajist\u00edme bezplatnou konzultaci pro vytvo\u0159en\u00ed cenov\u00e9 nab\u00eddky na m\u00edru. <\/p>\n\n\n\n<p><strong>Instalace datov\u00fdch rozvod\u016f a po\u010d\u00edta\u010dov\u00fdch s\u00edt\u00ed: <\/strong><\/p>\n\n\n\n<p>Nab\u00edz\u00edme instalace a realizace datov\u00fdch rozvod\u016f a po\u010d\u00edta\u010dov\u00fdch s\u00edt\u00ed, instalace rozavd\u011b\u010d\u016f, realizace podnikov\u00fdch wifi s\u00edt\u00ed uvnit\u0159 i vn\u011b budov (bezdr\u00e1tov\u00e9 propojen\u00ed budov). Instalace optick\u00fdch i bezdr\u00e1tov\u00fdch propoj\u016f vzd\u00e1len\u00fdch pracovi\u0161\u0165 (v\u010detn\u011b vy\u0159\u00edzen\u00ed legislativy \u010cT\u00da), pron\u00e1jem profesion\u00e1ln\u00edch bezdr\u00e1tov\u00fdch spoj\u016f. <\/p>\n\n\n\n<figure class=\"wp-block-image size-full is-resized\"><img loading=\"lazy\" decoding=\"async\" src=\"https:\/\/www.ibg-net.cz\/wp-content\/uploads\/2024\/07\/sprava-siti.jpg\" alt=\"\" class=\"wp-image-822\" width=\"978\" height=\"549\" srcset=\"https:\/\/www.ibg-net.cz\/wp-content\/uploads\/2024\/07\/sprava-siti.jpg 848w, https:\/\/www.ibg-net.cz\/wp-content\/uploads\/2024\/07\/sprava-siti-300x168.jpg 300w, https:\/\/www.ibg-net.cz\/wp-content\/uploads\/2024\/07\/sprava-siti-768x431.jpg 768w\" sizes=\"auto, (max-width: 978px) 100vw, 978px\" \/><\/figure>\n\n\n\n<p><\/p>\n\n\n\n<p><\/p>\n\n\n\n<p><strong>Instalace kamerov\u00fdch syst\u00e9m\u016f:<\/strong><\/p>\n\n\n\n<p>Nab\u00edz\u00edme instalace \u00fadr\u017ebu a servis kamerov\u00fdch syst\u00e9m\u016f. Na z\u00e1klad\u011b po\u017eadavk\u016f z\u00e1kazn\u00edka jsme schopni prov\u00e9st kompletn\u00ed instalaci na kl\u00ed\u010d v\u010detn\u011b instalace pot\u0159ebn\u00fdch datov\u00fdch rozvod\u016f, p\u0159\u00edpadn\u011b p\u0159edkonfigurovat a p\u0159ipravit samoinstala\u010dn\u00ed set kamer a NVR serveru. M\u00e1me zku\u0161enosti se syst\u00e9my Hikvision, Hilook, Ubiquiti, Alhua, aj. a v\u017edy se sna\u017e\u00edme pro z\u00e1kazn\u00edka vybrat nejvhodn\u011bj\u0161\u00ed technologii vzhledem k jeho po\u017eadavk\u016fm (po\u010det kamer, rozli\u0161en\u00ed kamer, schopnost no\u010dn\u00edho dosvitu, rozpozn\u00e1v\u00e1n\u00ed pohybu, doba a kvalita ukl\u00e1d\u00e1n\u00ed z\u00e1znamu, atd. ) a optim\u00e1ln\u00ed po\u0159izovacv\u00ed cen\u011b.<\/p>\n\n\n\n<figure class=\"wp-block-image size-full is-resized\"><img loading=\"lazy\" decoding=\"async\" src=\"https:\/\/www.ibg-net.cz\/wp-content\/uploads\/2024\/07\/camera.jpg\" alt=\"\" class=\"wp-image-823\" width=\"981\" height=\"559\" srcset=\"https:\/\/www.ibg-net.cz\/wp-content\/uploads\/2024\/07\/camera.jpg 842w, https:\/\/www.ibg-net.cz\/wp-content\/uploads\/2024\/07\/camera-300x171.jpg 300w, https:\/\/www.ibg-net.cz\/wp-content\/uploads\/2024\/07\/camera-768x438.jpg 768w\" sizes=\"auto, (max-width: 981px) 100vw, 981px\" \/><\/figure>\n\n\n\n<p><\/p>\n\n\n\n<p><\/p>\n\n\n\n<p><strong>Spr\u00e1va hlasov\u00fdch \u00fast\u0159eden<\/strong> <\/p>\n\n\n\n<p>Nab\u00edz\u00edme kompletn\u00ed telekomunika\u010dn\u00ed \u0159e\u0161en\u00ed pro firmy. Star\u00e9 digit\u00e1ln\u00ed nebo analogov\u00e9 \u00fast\u0159edny nahrad\u00edme virtualizovan\u00fdm \u0159e\u0161en\u00edm. Modern\u00ed virtu\u00e1ln\u00ed \u00fast\u0159edny IPEX krom\u011b b\u011b\u017en\u00fdch vlastnost\u00ed (p\u0159epojov\u00e1n\u00ed hovor\u016f, eletronick\u00fd vr\u00e1tn\u00fd) nab\u00edz\u00ed i mnoh\u00e9 pokro\u010dil\u00e9 funkce v\u010detn\u011b propojen\u00ed s um\u011blou inteligenc\u00ed, identifikaci volaj\u00edc\u00edch s propojen\u00edm na vnitrofiremn\u00ed IS, pokro\u010dil\u00e9 v\u00fdpisy hovor\u016f, provoz callcenter, atd.   Z\u00e1kazn\u00edk virtu\u00e1ln\u00edm \u0159e\u0161en\u00edm firemn\u00ed \u00fast\u0159edy z\u00edsk\u00e1 bezstarostn\u00fd a spolehliv\u00fd provoz a rychlou n\u00e1vratnost investice v podob\u011b \u00faspory n\u00e1klad\u016f na telefonov\u00e1n\u00ed.<\/p>\n\n\n\n<figure class=\"wp-block-image size-full is-resized\"><img loading=\"lazy\" decoding=\"async\" src=\"https:\/\/www.ibg-net.cz\/wp-content\/uploads\/2024\/07\/foun.jpg\" alt=\"\" class=\"wp-image-825\" width=\"980\" height=\"607\" srcset=\"https:\/\/www.ibg-net.cz\/wp-content\/uploads\/2024\/07\/foun.jpg 844w, https:\/\/www.ibg-net.cz\/wp-content\/uploads\/2024\/07\/foun-300x186.jpg 300w, https:\/\/www.ibg-net.cz\/wp-content\/uploads\/2024\/07\/foun-768x476.jpg 768w\" sizes=\"auto, (max-width: 980px) 100vw, 980px\" \/><\/figure>\n\n\n\n<p>V p\u0159\u00edpad\u011b z\u00e1jmu o na\u0161e slu\u017eby n\u00e1s kontaktujte na tel: <strong>474 770 600<\/strong> nebo e-mailu: <strong>info@ibg-net.cz<\/strong><\/p>\n","protected":false},"excerpt":{"rendered":"<p>Nab\u00edz\u00edme slu\u017eby v oblasti IT a telekomunikac\u00ed. M\u00e1me dlouholet\u00e9 zku\u0161enosti v oblast\u00ed spr\u00e1vy s\u00edt\u00ed, kamerov\u00fdch syst\u00e9m\u016f, instalac\u00ed a realizaci optick\u00fdch i metalick\u00fdch datov\u00fdch rozvod\u016f, firemn\u00edch bezdr\u00e1tov\u00fdch s\u00edt\u00ed, d\u00e1le v oblasti spr\u00e1vy informa\u010dn\u00edch syst\u00e9m\u016f, datov\u00fdch s\u00edt\u00ed, server\u016f, hlasov\u00fdch \u00fast\u0159eden, atd. Spr\u00e1va po\u010d\u00edta\u010dov\u00fdch s\u00edt\u00ed: Nab\u00edz\u00edme spr\u00e1vu po\u010d\u00edta\u010dov\u00fdch s\u00edt\u00ed pro firmy \u00fa\u0159ady nebo instituce. Slu\u017eba zahrnuje spr\u00e1vu a &#8230; <a title=\"Slu\u017eby\" class=\"read-more\" href=\"https:\/\/www.ibg-net.cz\/?page_id=821\">Read more<\/a><\/p>\n","protected":false},"author":2,"featured_media":0,"parent":0,"menu_order":0,"comment_status":"closed","ping_status":"closed","template":"","meta":{"footnotes":""},"class_list":["post-821","page","type-page","status-publish"],"yoast_head":"<!-- This site is optimized with the Yoast SEO plugin v21.5 - https:\/\/yoast.com\/wordpress\/plugins\/seo\/ -->\n<title>Slu\u017eby - IBG-NET<\/title>\n<meta name=\"description\" content=\"Internet Podbo\u0159any, P\u0159ipojen\u00ed k internetu, ISP, Internet Provider, Televize, Webdesign, Vol\u00e1n\u00ed\" \/>\n<meta name=\"robots\" content=\"index, follow, max-snippet:-1, max-image-preview:large, max-video-preview:-1\" \/>\n<link rel=\"canonical\" href=\"https:\/\/www.ibg-net.cz\/?page_id=821\" \/>\n<meta property=\"og:locale\" content=\"cs_CZ\" \/>\n<meta property=\"og:type\" content=\"article\" \/>\n<meta property=\"og:title\" content=\"Slu\u017eby - IBG-NET\" \/>\n<meta property=\"og:description\" content=\"Internet Podbo\u0159any, P\u0159ipojen\u00ed k internetu, ISP, Internet Provider, Televize, Webdesign, Vol\u00e1n\u00ed\" \/>\n<meta property=\"og:url\" content=\"https:\/\/www.ibg-net.cz\/?page_id=821\" \/>\n<meta property=\"og:site_name\" content=\"IBG-NET\" \/>\n<meta property=\"article:publisher\" content=\"https:\/\/www.facebook.com\/IBGNET.cz\/\" \/>\n<meta property=\"article:modified_time\" content=\"2024-08-26T19:19:53+00:00\" \/>\n<meta property=\"og:image\" content=\"https:\/\/www.ibg-net.cz\/wp-content\/uploads\/2024\/07\/sprava-siti.jpg\" \/>\n<meta name=\"twitter:card\" content=\"summary_large_image\" \/>\n<meta name=\"twitter:label1\" content=\"Odhadovan\u00e1 doba \u010dten\u00ed\" \/>\n\t<meta name=\"twitter:data1\" content=\"3 minuty\" \/>\n<script type=\"application\/ld+json\" class=\"yoast-schema-graph\">{\"@context\":\"https:\/\/schema.org\",\"@graph\":[{\"@type\":\"WebPage\",\"@id\":\"https:\/\/www.ibg-net.cz\/?page_id=821\",\"url\":\"https:\/\/www.ibg-net.cz\/?page_id=821\",\"name\":\"Slu\u017eby - IBG-NET\",\"isPartOf\":{\"@id\":\"https:\/\/www.ibg-net.cz\/#website\"},\"datePublished\":\"2024-07-10T12:13:15+00:00\",\"dateModified\":\"2024-08-26T19:19:53+00:00\",\"description\":\"Internet Podbo\u0159any, P\u0159ipojen\u00ed k internetu, ISP, Internet Provider, Televize, Webdesign, Vol\u00e1n\u00ed\",\"breadcrumb\":{\"@id\":\"https:\/\/www.ibg-net.cz\/?page_id=821#breadcrumb\"},\"inLanguage\":\"cs\",\"potentialAction\":[{\"@type\":\"ReadAction\",\"target\":[\"https:\/\/www.ibg-net.cz\/?page_id=821\"]}]},{\"@type\":\"BreadcrumbList\",\"@id\":\"https:\/\/www.ibg-net.cz\/?page_id=821#breadcrumb\",\"itemListElement\":[{\"@type\":\"ListItem\",\"position\":1,\"name\":\"Dom\u016f\",\"item\":\"https:\/\/www.ibg-net.cz\/\"},{\"@type\":\"ListItem\",\"position\":2,\"name\":\"Slu\u017eby\"}]},{\"@type\":\"WebSite\",\"@id\":\"https:\/\/www.ibg-net.cz\/#website\",\"url\":\"https:\/\/www.ibg-net.cz\/\",\"name\":\"IBG-NET\",\"description\":\"INTERNET ~ TELEVIZE ~ VOL\u00c1N\u00cd\",\"publisher\":{\"@id\":\"https:\/\/www.ibg-net.cz\/#organization\"},\"potentialAction\":[{\"@type\":\"SearchAction\",\"target\":{\"@type\":\"EntryPoint\",\"urlTemplate\":\"https:\/\/www.ibg-net.cz\/?s={search_term_string}\"},\"query-input\":\"required name=search_term_string\"}],\"inLanguage\":\"cs\"},{\"@type\":\"Organization\",\"@id\":\"https:\/\/www.ibg-net.cz\/#organization\",\"name\":\"IBG-NET s.r.o.\",\"url\":\"https:\/\/www.ibg-net.cz\/\",\"logo\":{\"@type\":\"ImageObject\",\"inLanguage\":\"cs\",\"@id\":\"https:\/\/www.ibg-net.cz\/#\/schema\/logo\/image\/\",\"url\":\"https:\/\/www.ibg-net.cz\/wp-content\/uploads\/2020\/05\/LogoP_POUZITE.png\",\"contentUrl\":\"https:\/\/www.ibg-net.cz\/wp-content\/uploads\/2020\/05\/LogoP_POUZITE.png\",\"width\":2000,\"height\":332,\"caption\":\"IBG-NET s.r.o.\"},\"image\":{\"@id\":\"https:\/\/www.ibg-net.cz\/#\/schema\/logo\/image\/\"},\"sameAs\":[\"https:\/\/www.facebook.com\/IBGNET.cz\/\"]}]}<\/script>\n<!-- \/ Yoast SEO plugin. -->","yoast_head_json":{"title":"Slu\u017eby - IBG-NET","description":"Internet Podbo\u0159any, P\u0159ipojen\u00ed k internetu, ISP, Internet Provider, Televize, Webdesign, Vol\u00e1n\u00ed","robots":{"index":"index","follow":"follow","max-snippet":"max-snippet:-1","max-image-preview":"max-image-preview:large","max-video-preview":"max-video-preview:-1"},"canonical":"https:\/\/www.ibg-net.cz\/?page_id=821","og_locale":"cs_CZ","og_type":"article","og_title":"Slu\u017eby - IBG-NET","og_description":"Internet Podbo\u0159any, P\u0159ipojen\u00ed k internetu, ISP, Internet Provider, Televize, Webdesign, Vol\u00e1n\u00ed","og_url":"https:\/\/www.ibg-net.cz\/?page_id=821","og_site_name":"IBG-NET","article_publisher":"https:\/\/www.facebook.com\/IBGNET.cz\/","article_modified_time":"2024-08-26T19:19:53+00:00","og_image":[{"url":"https:\/\/www.ibg-net.cz\/wp-content\/uploads\/2024\/07\/sprava-siti.jpg"}],"twitter_card":"summary_large_image","twitter_misc":{"Odhadovan\u00e1 doba \u010dten\u00ed":"3 minuty"},"schema":{"@context":"https:\/\/schema.org","@graph":[{"@type":"WebPage","@id":"https:\/\/www.ibg-net.cz\/?page_id=821","url":"https:\/\/www.ibg-net.cz\/?page_id=821","name":"Slu\u017eby - IBG-NET","isPartOf":{"@id":"https:\/\/www.ibg-net.cz\/#website"},"datePublished":"2024-07-10T12:13:15+00:00","dateModified":"2024-08-26T19:19:53+00:00","description":"Internet Podbo\u0159any, P\u0159ipojen\u00ed k internetu, ISP, Internet Provider, Televize, Webdesign, Vol\u00e1n\u00ed","breadcrumb":{"@id":"https:\/\/www.ibg-net.cz\/?page_id=821#breadcrumb"},"inLanguage":"cs","potentialAction":[{"@type":"ReadAction","target":["https:\/\/www.ibg-net.cz\/?page_id=821"]}]},{"@type":"BreadcrumbList","@id":"https:\/\/www.ibg-net.cz\/?page_id=821#breadcrumb","itemListElement":[{"@type":"ListItem","position":1,"name":"Dom\u016f","item":"https:\/\/www.ibg-net.cz\/"},{"@type":"ListItem","position":2,"name":"Slu\u017eby"}]},{"@type":"WebSite","@id":"https:\/\/www.ibg-net.cz\/#website","url":"https:\/\/www.ibg-net.cz\/","name":"IBG-NET","description":"INTERNET ~ TELEVIZE ~ VOL\u00c1N\u00cd","publisher":{"@id":"https:\/\/www.ibg-net.cz\/#organization"},"potentialAction":[{"@type":"SearchAction","target":{"@type":"EntryPoint","urlTemplate":"https:\/\/www.ibg-net.cz\/?s={search_term_string}"},"query-input":"required name=search_term_string"}],"inLanguage":"cs"},{"@type":"Organization","@id":"https:\/\/www.ibg-net.cz\/#organization","name":"IBG-NET s.r.o.","url":"https:\/\/www.ibg-net.cz\/","logo":{"@type":"ImageObject","inLanguage":"cs","@id":"https:\/\/www.ibg-net.cz\/#\/schema\/logo\/image\/","url":"https:\/\/www.ibg-net.cz\/wp-content\/uploads\/2020\/05\/LogoP_POUZITE.png","contentUrl":"https:\/\/www.ibg-net.cz\/wp-content\/uploads\/2020\/05\/LogoP_POUZITE.png","width":2000,"height":332,"caption":"IBG-NET s.r.o."},"image":{"@id":"https:\/\/www.ibg-net.cz\/#\/schema\/logo\/image\/"},"sameAs":["https:\/\/www.facebook.com\/IBGNET.cz\/"]}]}},"_links":{"self":[{"href":"https:\/\/www.ibg-net.cz\/index.php?rest_route=\/wp\/v2\/pages\/821","targetHints":{"allow":["GET"]}}],"collection":[{"href":"https:\/\/www.ibg-net.cz\/index.php?rest_route=\/wp\/v2\/pages"}],"about":[{"href":"https:\/\/www.ibg-net.cz\/index.php?rest_route=\/wp\/v2\/types\/page"}],"author":[{"embeddable":true,"href":"https:\/\/www.ibg-net.cz\/index.php?rest_route=\/wp\/v2\/users\/2"}],"replies":[{"embeddable":true,"href":"https:\/\/www.ibg-net.cz\/index.php?rest_route=%2Fwp%2Fv2%2Fcomments&post=821"}],"version-history":[{"count":7,"href":"https:\/\/www.ibg-net.cz\/index.php?rest_route=\/wp\/v2\/pages\/821\/revisions"}],"predecessor-version":[{"id":831,"href":"https:\/\/www.ibg-net.cz\/index.php?rest_route=\/wp\/v2\/pages\/821\/revisions\/831"}],"wp:attachment":[{"href":"https:\/\/www.ibg-net.cz\/index.php?rest_route=%2Fwp%2Fv2%2Fmedia&parent=821"}],"curies":[{"name":"wp","href":"https:\/\/api.w.org\/{rel}","templated":true}]}}